{"id":10,"date":"2024-08-26T17:44:15","date_gmt":"2024-08-26T15:44:15","guid":{"rendered":"https:\/\/www.digibase.com\/?page_id=10"},"modified":"2025-11-13T11:47:19","modified_gmt":"2025-11-13T10:47:19","slug":"home","status":"publish","type":"page","link":"https:\/\/www.digibase.com\/de\/","title":{"rendered":"home"},"content":{"rendered":"<div class=\"wpb-content-wrapper\"><p>[vc_row css=&#8220;.vc_custom_1732692967103{padding-top: 10px !important;}&#8220;][vc_column offset=&#8220;vc_hidden-sm vc_hidden-xs&#8220;][vc_single_image image=&#8220;1425&#8243; img_size=&#8220;full&#8220; alignment=&#8220;center&#8220; css=&#8220;.vc_custom_1762788485144{margin-bottom: -50px !important;}&#8220; el_class=&#8220;hero-banner&#8220;]<div class=\" ubtn-ctn-center \"><a class=\"ubtn-link ult-adjust-bottom-margin ubtn-center ubtn-small \" href=\"\/de\/beratung\/termin\/\" title=\"connect Bestellung\" ><button type=\"button\" id=\"ubtn-5497\"  class=\"ubtn ult-adjust-bottom-margin ult-responsive ubtn-small ubtn-top-bg  none  ubtn-center   tooltip-69fc7484899d9\"  data-hover=\"__USE_THEME_MAIN_COLOR__\" data-border-color=\"__USE_THEME_MAIN_COLOR__\" data-bg=\"__USE_THEME_MAIN_COLOR__\" data-hover-bg=\"#e4f2d0\" data-border-hover=\"__USE_THEME_MAIN_COLOR__\" data-shadow-hover=\"\" data-shadow-click=\"none\" data-shadow=\"\" data-shd-shadow=\"\"  data-ultimate-target='#ubtn-5497'  data-responsive-json-new='{\"font-size\":\"desktop:24px;\",\"line-height\":\"\"}'  style=\"font-weight:bold;border-radius:15px;border-width:2px;border-color:__USE_THEME_MAIN_COLOR__;border-style:solid;background: __USE_THEME_MAIN_COLOR__;color: #ffffff;\"><span class=\"ubtn-hover\" style=\"background-color:#e4f2d0\"><\/span><span class=\"ubtn-data ubtn-text \" data-btn-animate=\"y\"><span class=\"btn-animate-y\">Beratungstermin vereinbaren<\/span><\/button><\/a><\/div>[\/vc_column][\/vc_row][vc_row][vc_column offset=&#8220;vc_hidden-lg vc_hidden-md&#8220;][vc_single_image image=&#8220;1425&#8243; img_size=&#8220;full&#8220; alignment=&#8220;center&#8220; css=&#8220;.vc_custom_1732547294199{margin-bottom: -50px !important;}&#8220;]<div class=\"ult-spacer spacer-69fc748489a64\" data-id=\"69fc748489a64\" data-height=\"120\" data-height-mobile=\"80\" data-height-tab=\"80\" data-height-tab-portrait=\"80\" data-height-mobile-landscape=\"80\" style=\"clear:both;display:block;\"><\/div><div class=\" ubtn-ctn-center \"><a class=\"ubtn-link ult-adjust-bottom-margin ubtn-center ubtn-mini \" href=\"\/de\/beratung\/termin\/\" title=\"connect Bestellung\" ><button type=\"button\" id=\"ubtn-5511\"  class=\"ubtn ult-adjust-bottom-margin ult-responsive ubtn-mini ubtn-top-bg  none  ubtn-center   tooltip-69fc748489a8b\"  data-hover=\"__USE_THEME_MAIN_COLOR__\" data-border-color=\"__USE_THEME_MAIN_COLOR__\" data-bg=\"__USE_THEME_MAIN_COLOR__\" data-hover-bg=\"#e4f2d0\" data-border-hover=\"__USE_THEME_MAIN_COLOR__\" data-shadow-hover=\"\" data-shadow-click=\"none\" data-shadow=\"\" data-shd-shadow=\"\"  data-ultimate-target='#ubtn-5511'  data-responsive-json-new='{\"font-size\":\"desktop:24px;\",\"line-height\":\"\"}'  style=\"font-weight:bold;border-radius:15px;border-width:2px;border-color:__USE_THEME_MAIN_COLOR__;border-style:solid;background: __USE_THEME_MAIN_COLOR__;color: #ffffff;\"><span class=\"ubtn-hover\" style=\"background-color:#e4f2d0\"><\/span><span class=\"ubtn-data ubtn-text \" data-btn-animate=\"y\"><span class=\"btn-animate-y\">Beratungstermin vereinbaren<\/span><\/button><\/a><\/div>[\/vc_column][\/vc_row][vc_row full_width=&#8220;stretch_row&#8220;][vc_column width=&#8220;1\/12&#8243;][\/vc_column][vc_column width=&#8220;5\/6&#8243;]<div class=\"ult-spacer spacer-69fc748489abc\" data-id=\"69fc748489abc\" data-height=\"30\" data-height-mobile=\"30\" data-height-tab=\"30\" data-height-tab-portrait=\"30\" data-height-mobile-landscape=\"30\" style=\"clear:both;display:block;\"><\/div>[vc_custom_heading text=&#8220;Die App-Plattform f\u00fcr Digitalisierung im Geb\u00e4udesektor&#8220; font_container=&#8220;tag:h1|text_align:center&#8220; use_theme_fonts=&#8220;yes&#8220; css=&#8220;&#8220;]<div class=\"ult-spacer spacer-69fc748489ad3\" data-id=\"69fc748489ad3\" data-height=\"30\" data-height-mobile=\"20\" data-height-tab=\"20\" data-height-tab-portrait=\"20\" data-height-mobile-landscape=\"20\" style=\"clear:both;display:block;\"><\/div>[vc_column_text css=&#8220;&#8220;]<\/p>\n<p style=\"text-align: center;\">Mit digibase gestaltest du deine Services rund um Immobilien effizienter und smarter. Unsere Plattform optimiert Abl\u00e4ufe, digitalisiert Prozesse nahtlos und spart wertvolle Zeit \u2013 f\u00fcr eine reibungslose Zusammenarbeit und besseren Service.<\/p>\n<p>[\/vc_column_text][\/vc_column][vc_column width=&#8220;1\/12&#8243;][\/vc_column][\/vc_row][vc_row][vc_column]<div class=\"ult-spacer spacer-69fc748489ae9\" data-id=\"69fc748489ae9\" data-height=\"120\" data-height-mobile=\"30\" data-height-tab=\"30\" data-height-tab-portrait=\"30\" data-height-mobile-landscape=\"30\" style=\"clear:both;display:block;\"><\/div>[\/vc_column][\/vc_row][vc_row el_class=&#8220;elevate-on-hover&#8220;][vc_column width=&#8220;1\/3&#8243; el_class=&#8220;elevate-on-hover&#8220; offset=&#8220;vc_hidden-sm vc_hidden-xs&#8220;][vc_single_image image=&#8220;1277&#8243; img_size=&#8220;large&#8220; style=&#8220;vc_box_shadow_3d&#8220; onclick=&#8220;custom_link&#8220; img_link_target=&#8220;_blank&#8220; css=&#8220;&#8220; el_class=&#8220;hover-rotate&#8220; link=&#8220;https:\/\/youtube.com\/c\/heilmannsoftware&#8220;][\/vc_column][vc_column width=&#8220;1\/3&#8243; el_class=&#8220;elevate-on-hover&#8220; offset=&#8220;vc_hidden-sm vc_hidden-xs&#8220;][vc_single_image image=&#8220;1296&#8243; img_size=&#8220;large&#8220; onclick=&#8220;custom_link&#8220; css=&#8220;&#8220; el_class=&#8220;hover-rotate1&#8243; link=&#8220;https:\/\/www.digibase.com\/de\/existenzgruender-daten\/&#8220;][\/vc_column][vc_column width=&#8220;1\/3&#8243; el_class=&#8220;elevate-on-hover&#8220; offset=&#8220;vc_hidden-sm vc_hidden-xs&#8220;][vc_single_image image=&#8220;1392&#8243; img_size=&#8220;large&#8220; style=&#8220;vc_box_shadow_3d&#8220; onclick=&#8220;custom_link&#8220; css=&#8220;&#8220; el_class=&#8220;hover-rotate2&#8243; link=&#8220;\/app\/digibase-home&#8220;][\/vc_column][\/vc_row][vc_row el_class=&#8220;elevate-on-hover&#8220;][vc_column width=&#8220;1\/2&#8243; offset=&#8220;vc_hidden-lg vc_hidden-md&#8220;][vc_single_image image=&#8220;1296&#8243; img_size=&#8220;large&#8220; onclick=&#8220;custom_link&#8220; css=&#8220;&#8220; link=&#8220;https:\/\/www.digibase.com\/de\/existenzgruender-daten\/&#8220;][\/vc_column][vc_column width=&#8220;1\/2&#8243; offset=&#8220;vc_hidden-lg vc_hidden-md&#8220;][vc_single_image image=&#8220;1392&#8243; img_size=&#8220;large&#8220; style=&#8220;vc_box_shadow_3d&#8220; onclick=&#8220;custom_link&#8220; css=&#8220;&#8220; link=&#8220;\/app\/digibase-home&#8220;][\/vc_column][\/vc_row][vc_row][vc_column]<div class=\"ult-spacer spacer-69fc748489afd\" data-id=\"69fc748489afd\" data-height=\"120\" data-height-mobile=\"50\" data-height-tab=\"50\" data-height-tab-portrait=\"50\" data-height-mobile-landscape=\"50\" style=\"clear:both;display:block;\"><\/div>[\/vc_column][\/vc_row][vc_row][vc_column width=&#8220;2\/3&#8243;]<div class=\"ult-spacer spacer-69fc748489b13\" data-id=\"69fc748489b13\" data-height=\"80\" data-height-mobile=\"0\" data-height-tab=\"0\" data-height-tab-portrait=\"0\" data-height-mobile-landscape=\"0\" style=\"clear:both;display:block;\"><\/div>[vc_custom_heading text=&#8220;Schornsteinfeger und Energiewende \u2013 ein Handwerk im Wandel&#8220; use_theme_fonts=&#8220;yes&#8220; css=&#8220;&#8220;]<div class=\"ult-spacer spacer-69fc748489b28\" data-id=\"69fc748489b28\" data-height=\"30\" data-height-mobile=\"20\" data-height-tab=\"20\" data-height-tab-portrait=\"20\" data-height-mobile-landscape=\"20\" style=\"clear:both;display:block;\"><\/div>[vc_column_text css=&#8220;&#8220;]Mit unseren Apps <a href=\"https:\/\/www.digibase.com\/de\/app\/digibase-connect\/\">digibase connect<\/a> und <a href=\"https:\/\/www.digibase.com\/de\/app\/digibase-network\/\">digibase network<\/a> kannst du deinen Verwaltungsaufwand erheblich reduzieren. Die gewonnene Zeit \u2013 bis zu zwei Chef-Tage pro Woche \u2013 er\u00f6ffnet dir neue M\u00f6glichkeiten: Du kannst nicht nur zus\u00e4tzliche Dienstleistungen anbieten, sondern auch deinen Betrieb im Rahmen der Energiewende modernisieren.[\/vc_column_text]<div class=\"ult-spacer spacer-69fc748489b3a\" data-id=\"69fc748489b3a\" data-height=\"80\" data-height-mobile=\"30\" data-height-tab=\"30\" data-height-tab-portrait=\"30\" data-height-mobile-landscape=\"30\" style=\"clear:both;display:block;\"><\/div>[vc_custom_heading text=&#8220;digibase f\u00fcr Immobilieneigent\u00fcmer&#8220; use_theme_fonts=&#8220;yes&#8220; css=&#8220;&#8220;]<div class=\"ult-spacer spacer-69fc748489b4c\" data-id=\"69fc748489b4c\" data-height=\"30\" data-height-mobile=\"20\" data-height-tab=\"20\" data-height-tab-portrait=\"20\" data-height-mobile-landscape=\"20\" style=\"clear:both;display:block;\"><\/div>[vc_column_text css=&#8220;&#8220;]<a href=\"\/de\/app\/digibase-home\/\">digibase home<\/a> vernetzt Immobilieneigent\u00fcmer mit Handwerkern und Dienstleistern und sorgt daf\u00fcr, dass Rechnungen und Terminanmeldungen digital zugestellt werden.[\/vc_column_text][vc_column_text css=&#8220;&#8220;]In Zukunft wird digibase home auch technische Daten zu Heizungssystemen bereitstellen. Auf dieser Basis erstellt digibase verschiedene Optionen f\u00fcr die Heizungs- und Geb\u00e4udemodernisierung, inklusive passender F\u00f6rderm\u00f6glichkeiten.[\/vc_column_text][\/vc_column][vc_column width=&#8220;1\/3&#8243;][vc_single_image image=&#8220;1503&#8243; img_size=&#8220;large&#8220; alignment=&#8220;center&#8220; css=&#8220;&#8220; el_class=&#8220;hover-rotate-img&#8220;]<div class=\"ult-spacer spacer-69fc748489b5d\" data-id=\"69fc748489b5d\" data-height=\"120\" data-height-mobile=\"30\" data-height-tab=\"30\" data-height-tab-portrait=\"30\" data-height-mobile-landscape=\"30\" style=\"clear:both;display:block;\"><\/div>[\/vc_column][\/vc_row]<\/p>\n<\/div>","protected":false},"excerpt":{"rendered":"<p>[vc_row css=&#8220;.vc_custom_1732692967103{padding-top: 10px !important;}&#8220;][vc_column offset=&#8220;vc_hidden-sm vc_hidden-xs&#8220;][vc_single_image image=&#8220;1425&#8243; img_size=&#8220;full&#8220; alignment=&#8220;center&#8220; css=&#8220;.vc_custom_1762788485144{margin-bottom: -50px !important;}&#8220; el_class=&#8220;hero-banner&#8220;][\/vc_column][\/vc_row][vc_row][vc_column offset=&#8220;vc_hidden-lg vc_hidden-md&#8220;][vc_single_image image=&#8220;1425&#8243; img_size=&#8220;full&#8220; alignment=&#8220;center&#8220; css=&#8220;.vc_custom_1732547294199{margin-bottom: -50px !important;}&#8220;][\/vc_column][\/vc_row][vc_row full_width=&#8220;stretch_row&#8220;][vc_column width=&#8220;1\/12&#8243;][\/vc_column][vc_column width=&#8220;5\/6&#8243;][vc_custom_heading text=&#8220;Die App-Plattform f\u00fcr Digitalisierung im Geb\u00e4udesektor&#8220; font_container=&#8220;tag:h1|text_align:center&#8220; use_theme_fonts=&#8220;yes&#8220; css=&#8220;&#8220;][vc_column_text css=&#8220;&#8220;] Mit digibase gestaltest du deine Services rund um Immobilien effizienter und smarter. Unsere Plattform optimiert Abl\u00e4ufe, digitalisiert Prozesse nahtlos und spart [&hellip;]<\/p>\n","protected":false},"author":1,"featured_media":0,"parent":0,"menu_order":0,"comment_status":"closed","ping_status":"closed","template":"page.php","meta":{"footnotes":""},"class_list":["post-10","page","type-page","status-publish","hentry"],"_links":{"self":[{"href":"https:\/\/www.digibase.com\/de\/wp-json\/wp\/v2\/pages\/10","targetHints":{"allow":["GET"]}}],"collection":[{"href":"https:\/\/www.digibase.com\/de\/wp-json\/wp\/v2\/pages"}],"about":[{"href":"https:\/\/www.digibase.com\/de\/wp-json\/wp\/v2\/types\/page"}],"author":[{"embeddable":true,"href":"https:\/\/www.digibase.com\/de\/wp-json\/wp\/v2\/users\/1"}],"replies":[{"embeddable":true,"href":"https:\/\/www.digibase.com\/de\/wp-json\/wp\/v2\/comments?post=10"}],"version-history":[{"count":172,"href":"https:\/\/www.digibase.com\/de\/wp-json\/wp\/v2\/pages\/10\/revisions"}],"predecessor-version":[{"id":1944,"href":"https:\/\/www.digibase.com\/de\/wp-json\/wp\/v2\/pages\/10\/revisions\/1944"}],"wp:attachment":[{"href":"https:\/\/www.digibase.com\/de\/wp-json\/wp\/v2\/media?parent=10"}],"curies":[{"name":"wp","href":"https:\/\/api.w.org\/{rel}","templated":true}]}}