{"id":138,"date":"2024-09-25T17:39:35","date_gmt":"2024-09-25T15:39:35","guid":{"rendered":"https:\/\/www.digibase.com\/?page_id=138"},"modified":"2024-12-10T15:18:52","modified_gmt":"2024-12-10T14:18:52","slug":"digibase-network","status":"publish","type":"page","link":"https:\/\/www.digibase.com\/de\/app\/digibase-network\/","title":{"rendered":"digibase-network"},"content":{"rendered":"<div class=\"wpb-content-wrapper\"><p>[vc_row el_class=&#8220;elevate-on-hover&#8220; css=&#8220;.vc_custom_1732784075397{padding-top: 80px !important;}&#8220;][vc_column width=&#8220;2\/3&#8243;]<div class=\"ult-spacer spacer-69f70ff2cccd3\" data-id=\"69f70ff2cccd3\" data-height=\"180\" data-height-mobile=\"0\" data-height-tab=\"0\" data-height-tab-portrait=\"0\" data-height-mobile-landscape=\"0\" style=\"clear:both;display:block;\"><\/div>[vc_single_image image=&#8220;735&#8243; img_size=&#8220;medium&#8220; css=&#8220;&#8220; el_class=&#8220;hover-rotate-img&#8220;][vc_custom_heading text=&#8220;network erledigt deinen Postversand: digital + postalisch&#8220; font_container=&#8220;tag:h1|text_align:left&#8220; use_theme_fonts=&#8220;yes&#8220; css=&#8220;&#8220;][vc_column_text css=&#8220;&#8220;]<\/p>\n<p dir=\"auto\">network erledigt deinen Postversand &#8211; digital + postalisch<br \/>\nWir k\u00f6nnten sagen: Mit digibase network kann man seine Post erledigen. Aber das w\u00e4re so, als w\u00fcrde man sagen: Mit einem Smartphone kann man telefonieren.<\/p>\n<p dir=\"auto\">digibase network ist ma\u00dfgeschneidert f\u00fcr den PropTech-Markt und das Schornsteinfegerhandwerk 4.0. Und das Beste: es kann sofort losgehen! network ist mit jeder Software nutzbar und erledigt und digitalisiert deinen Postausgang &#8211; ganz ohne langwierige Umstellungsma\u00dfnahmen.<\/p>\n<p>\u00dcberzeuge dich selbst von den Vorteilen: Fordere noch heute deinen <a href=\"https:\/\/www.digibase.com\/de\/beratung\/network-testmonat\/\">unverbindlichen Testmonat<\/a> an oder vereinbare ein <a href=\"\/de\/beratung\/termin\">Beratungsgespr\u00e4ch<\/a> mit unserem Team. Wir zeigen dir, wie digibase network deine Abl\u00e4ufe optimiert und dir wertvolle Zeit spart.[\/vc_column_text]<div class=\" ubtn-ctn-left \"><a class=\"ubtn-link ult-adjust-bottom-margin ubtn-left ubtn-small \" href=\"https:\/\/www.digibase.com\/de\/beratung\/network-testmonat\/\" title=\"network-testmonat\" ><button type=\"button\" id=\"ubtn-7231\"  class=\"ubtn ult-adjust-bottom-margin ult-responsive ubtn-small ubtn-top-bg  none  ubtn-left   tooltip-69f70ff2ccd14\"  data-hover=\"__USE_THEME_MAIN_COLOR__\" data-border-color=\"__USE_THEME_MAIN_COLOR__\" data-bg=\"__USE_THEME_MAIN_COLOR__\" data-hover-bg=\"#ffffff\" data-border-hover=\"__USE_THEME_MAIN_COLOR__\" data-shadow-hover=\"\" data-shadow-click=\"none\" data-shadow=\"\" data-shd-shadow=\"\"  data-ultimate-target='#ubtn-7231'  data-responsive-json-new='{\"font-size\":\"desktop:24px;\",\"line-height\":\"\"}'  style=\"font-weight:bold;border-radius:20px;border-width:2px;border-color:__USE_THEME_MAIN_COLOR__;border-style:solid;background: __USE_THEME_MAIN_COLOR__;color: #ffffff;\"><span class=\"ubtn-hover\" style=\"background-color:#ffffff\"><\/span><span class=\"ubtn-data ubtn-text \" data-btn-animate=\"y\"><span class=\"btn-animate-y\">Testmonat anfordern<\/span><\/button><\/a><\/div>[\/vc_column][vc_column width=&#8220;1\/3&#8243;][vc_single_image image=&#8220;1484&#8243; img_size=&#8220;full&#8220; css=&#8220;&#8220; el_class=&#8220;hover-rotate-img&#8220;][\/vc_column][\/vc_row][vc_row][vc_column]<div class=\"ult-spacer spacer-69f70ff2ccd94\" data-id=\"69f70ff2ccd94\" data-height=\"120\" data-height-mobile=\"30\" data-height-tab=\"30\" data-height-tab-portrait=\"30\" data-height-mobile-landscape=\"30\" style=\"clear:both;display:block;\"><\/div>[\/vc_column][\/vc_row][vc_row][vc_column][vc_custom_heading text=&#8220;Was digibase network alles drauf hat erf\u00e4hrst du hier.&#8220; font_container=&#8220;tag:h1|text_align:center&#8220; use_theme_fonts=&#8220;yes&#8220; css=&#8220;&#8220;]<div class=\"ult-spacer spacer-69f70ff2ccdad\" data-id=\"69f70ff2ccdad\" data-height=\"30\" data-height-mobile=\"20\" data-height-tab=\"20\" data-height-tab-portrait=\"20\" data-height-mobile-landscape=\"20\" style=\"clear:both;display:block;\"><\/div>[vc_basic_grid post_type=&#8220;apps&#8220; max_items=&#8220;3&#8243; orderby=&#8220;ID&#8220; order=&#8220;ASC&#8220; item=&#8220;762&#8243; css=&#8220;&#8220; grid_id=&#8220;vc_gid:1732812215662-3e9e43a8-cacf-7&#8243; taxonomies=&#8220;15&#8243;]<div class=\"ult-spacer spacer-69f70ff2ccdc1\" data-id=\"69f70ff2ccdc1\" data-height=\"30\" data-height-mobile=\"20\" data-height-tab=\"20\" data-height-tab-portrait=\"20\" data-height-mobile-landscape=\"20\" style=\"clear:both;display:block;\"><\/div>[\/vc_column][\/vc_row][vc_row][vc_column]<div class=\"ult-spacer spacer-69f70ff2ccdd6\" data-id=\"69f70ff2ccdd6\" data-height=\"80\" data-height-mobile=\"30\" data-height-tab=\"30\" data-height-tab-portrait=\"30\" data-height-mobile-landscape=\"30\" style=\"clear:both;display:block;\"><\/div>[\/vc_column][\/vc_row]<\/p>\n<\/div>","protected":false},"excerpt":{"rendered":"<p>[vc_row el_class=&#8220;elevate-on-hover&#8220; css=&#8220;.vc_custom_1732784075397{padding-top: 80px !important;}&#8220;][vc_column width=&#8220;2\/3&#8243;][vc_single_image image=&#8220;735&#8243; img_size=&#8220;medium&#8220; css=&#8220;&#8220; el_class=&#8220;hover-rotate-img&#8220;][vc_custom_heading text=&#8220;network erledigt deinen Postversand: digital + postalisch&#8220; font_container=&#8220;tag:h1|text_align:left&#8220; use_theme_fonts=&#8220;yes&#8220; css=&#8220;&#8220;][vc_column_text css=&#8220;&#8220;] network erledigt deinen Postversand &#8211; digital + postalisch Wir k\u00f6nnten sagen: Mit digibase network kann man seine Post erledigen. Aber das w\u00e4re so, als w\u00fcrde man sagen: Mit einem Smartphone kann man telefonieren. digibase [&hellip;]<\/p>\n","protected":false},"author":1,"featured_media":0,"parent":132,"menu_order":0,"comment_status":"closed","ping_status":"closed","template":"page.php","meta":{"footnotes":""},"class_list":["post-138","page","type-page","status-publish","hentry"],"_links":{"self":[{"href":"https:\/\/www.digibase.com\/de\/wp-json\/wp\/v2\/pages\/138","targetHints":{"allow":["GET"]}}],"collection":[{"href":"https:\/\/www.digibase.com\/de\/wp-json\/wp\/v2\/pages"}],"about":[{"href":"https:\/\/www.digibase.com\/de\/wp-json\/wp\/v2\/types\/page"}],"author":[{"embeddable":true,"href":"https:\/\/www.digibase.com\/de\/wp-json\/wp\/v2\/users\/1"}],"replies":[{"embeddable":true,"href":"https:\/\/www.digibase.com\/de\/wp-json\/wp\/v2\/comments?post=138"}],"version-history":[{"count":27,"href":"https:\/\/www.digibase.com\/de\/wp-json\/wp\/v2\/pages\/138\/revisions"}],"predecessor-version":[{"id":1546,"href":"https:\/\/www.digibase.com\/de\/wp-json\/wp\/v2\/pages\/138\/revisions\/1546"}],"up":[{"embeddable":true,"href":"https:\/\/www.digibase.com\/de\/wp-json\/wp\/v2\/pages\/132"}],"wp:attachment":[{"href":"https:\/\/www.digibase.com\/de\/wp-json\/wp\/v2\/media?parent=138"}],"curies":[{"name":"wp","href":"https:\/\/api.w.org\/{rel}","templated":true}]}}