{"id":141,"date":"2024-09-25T17:39:48","date_gmt":"2024-09-25T15:39:48","guid":{"rendered":"https:\/\/www.digibase.com\/?page_id=141"},"modified":"2024-12-10T15:03:00","modified_gmt":"2024-12-10T14:03:00","slug":"digibase-home","status":"publish","type":"page","link":"https:\/\/www.digibase.com\/de\/app\/digibase-home\/","title":{"rendered":"digibase-home"},"content":{"rendered":"<div class=\"wpb-content-wrapper\"><p>[vc_row el_class=&#8220;elevate-on-hover&#8220; css=&#8220;.vc_custom_1732793078920{padding-top: 80px !important;}&#8220;][vc_column width=&#8220;2\/3&#8243;]<div class=\"ult-spacer spacer-69d0cdd19ed5e\" data-id=\"69d0cdd19ed5e\" data-height=\"120\" data-height-mobile=\"0\" data-height-tab=\"0\" data-height-tab-portrait=\"0\" data-height-mobile-landscape=\"0\" style=\"clear:both;display:block;\"><\/div>[vc_single_image image=&#8220;721&#8243; img_size=&#8220;medium&#8220; css=&#8220;&#8220; el_class=&#8220;hover-rotate-img&#8220;]<div class=\"ult-spacer spacer-69d0cdd19ed94\" data-id=\"69d0cdd19ed94\" data-height=\"30\" data-height-mobile=\"20\" data-height-tab=\"20\" data-height-tab-portrait=\"20\" data-height-mobile-landscape=\"20\" style=\"clear:both;display:block;\"><\/div>[vc_custom_heading text=&#8220;Dein digitales Postfach f\u00fcr alle wichtigen Dokumente rund ums Geb\u00e4ude.&#8220; font_container=&#8220;tag:h1|text_align:left&#8220; use_theme_fonts=&#8220;yes&#8220; css=&#8220;&#8220;][vc_column_text css=&#8220;&#8220;]<\/p>\n<p dir=\"auto\">Schluss mit dem Papierchaos! Mit digibase home hast du all deine Dokumente rund um deine Immobilie jederzeit digital und an einem Ort griffbereit. Ob Rechnungen, Protokolle oder wichtige Mitteilungen \u2013 alles ist \u00fcbersichtlich organisiert, ganz ohne l\u00e4stigen Papierkram. Das Beste? F\u00fcr dich als Postempf\u00e4nger bleibt digibase home nat\u00fcrlich auch in Zukunft kostenfrei!<\/p>\n<p>[\/vc_column_text]<div class=\"ult-spacer spacer-69d0cdd19edb0\" data-id=\"69d0cdd19edb0\" data-height=\"30\" data-height-mobile=\"20\" data-height-tab=\"20\" data-height-tab-portrait=\"20\" data-height-mobile-landscape=\"20\" style=\"clear:both;display:block;\"><\/div>[vc_custom_heading text=&#8220;Dein digitaler Partner f\u00fcr eine energieeffiziente Zukunft&#8220; font_container=&#8220;tag:h1|text_align:left&#8220; use_theme_fonts=&#8220;yes&#8220; css=&#8220;&#8220;][vc_column_text css=&#8220;&#8220;]<\/p>\n<p dir=\"auto\">digibase home ist mehr als nur ein digitales Postfach \u2013 es ist dein Schl\u00fcssel zur energieeffizienten Zukunft deines Zuhauses! Die App wird st\u00e4ndig weiterentwickelt, um dir noch mehr Funktionen anzubieten: Erhalte automatisierte Updates und technische Details von deinem Schornsteinfegerbetrieb, damit du dein Heizsystem optimal managen kannst. Bald kannst du mit digibase home auch kommunale W\u00e4rmeplandaten einsehen und individuelle Modernisierungsoptionen f\u00fcr dein Geb\u00e4ude erkunden \u2013 inklusive passender F\u00f6rderprogramme. So machst du dein Zuhause fit f\u00fcr die Energiewende!<\/p>\n<p>[\/vc_column_text]<div class=\"ult-spacer spacer-69d0cdd19edc6\" data-id=\"69d0cdd19edc6\" data-height=\"30\" data-height-mobile=\"20\" data-height-tab=\"20\" data-height-tab-portrait=\"20\" data-height-mobile-landscape=\"20\" style=\"clear:both;display:block;\"><\/div>[\/vc_column][vc_column width=&#8220;1\/3&#8243;][vc_single_image image=&#8220;1509&#8243; img_size=&#8220;full&#8220; css=&#8220;&#8220; el_class=&#8220;hover-rotate-img&#8220;][\/vc_column][\/vc_row][vc_row][vc_column]<div class=\"ult-spacer spacer-69d0cdd19edd9\" data-id=\"69d0cdd19edd9\" data-height=\"80\" data-height-mobile=\"30\" data-height-tab=\"30\" data-height-tab-portrait=\"30\" data-height-mobile-landscape=\"30\" style=\"clear:both;display:block;\"><\/div>[\/vc_column][\/vc_row]<\/p>\n<\/div>","protected":false},"excerpt":{"rendered":"<p>[vc_row el_class=&#8220;elevate-on-hover&#8220; css=&#8220;.vc_custom_1732793078920{padding-top: 80px !important;}&#8220;][vc_column width=&#8220;2\/3&#8243;][vc_single_image image=&#8220;721&#8243; img_size=&#8220;medium&#8220; css=&#8220;&#8220; el_class=&#8220;hover-rotate-img&#8220;][vc_custom_heading text=&#8220;Dein digitales Postfach f\u00fcr alle wichtigen Dokumente rund ums Geb\u00e4ude.&#8220; font_container=&#8220;tag:h1|text_align:left&#8220; use_theme_fonts=&#8220;yes&#8220; css=&#8220;&#8220;][vc_column_text css=&#8220;&#8220;] Schluss mit dem Papierchaos! Mit digibase home hast du all deine Dokumente rund um deine Immobilie jederzeit digital und an einem Ort griffbereit. Ob Rechnungen, Protokolle oder wichtige Mitteilungen \u2013 alles [&hellip;]<\/p>\n","protected":false},"author":1,"featured_media":0,"parent":132,"menu_order":0,"comment_status":"closed","ping_status":"closed","template":"page.php","meta":{"footnotes":""},"class_list":["post-141","page","type-page","status-publish","hentry"],"_links":{"self":[{"href":"https:\/\/www.digibase.com\/de\/wp-json\/wp\/v2\/pages\/141","targetHints":{"allow":["GET"]}}],"collection":[{"href":"https:\/\/www.digibase.com\/de\/wp-json\/wp\/v2\/pages"}],"about":[{"href":"https:\/\/www.digibase.com\/de\/wp-json\/wp\/v2\/types\/page"}],"author":[{"embeddable":true,"href":"https:\/\/www.digibase.com\/de\/wp-json\/wp\/v2\/users\/1"}],"replies":[{"embeddable":true,"href":"https:\/\/www.digibase.com\/de\/wp-json\/wp\/v2\/comments?post=141"}],"version-history":[{"count":6,"href":"https:\/\/www.digibase.com\/de\/wp-json\/wp\/v2\/pages\/141\/revisions"}],"predecessor-version":[{"id":1511,"href":"https:\/\/www.digibase.com\/de\/wp-json\/wp\/v2\/pages\/141\/revisions\/1511"}],"up":[{"embeddable":true,"href":"https:\/\/www.digibase.com\/de\/wp-json\/wp\/v2\/pages\/132"}],"wp:attachment":[{"href":"https:\/\/www.digibase.com\/de\/wp-json\/wp\/v2\/media?parent=141"}],"curies":[{"name":"wp","href":"https:\/\/api.w.org\/{rel}","templated":true}]}}