{"id":147,"date":"2024-09-25T17:40:21","date_gmt":"2024-09-25T15:40:21","guid":{"rendered":"https:\/\/www.digibase.com\/?page_id=147"},"modified":"2025-11-12T13:31:47","modified_gmt":"2025-11-12T12:31:47","slug":"digibase-luftverbund","status":"publish","type":"page","link":"https:\/\/www.digibase.com\/de\/app\/digibase-luftverbund\/","title":{"rendered":"digibase-luftverbund"},"content":{"rendered":"<div class=\"wpb-content-wrapper\"><p>[vc_row el_class=&#8220;elevate-on-hover&#8220; css=&#8220;.vc_custom_1732793196674{padding-top: 80px !important;}&#8220;][vc_column width=&#8220;2\/3&#8243;]<div class=\"ult-spacer spacer-69f72f608c53a\" data-id=\"69f72f608c53a\" data-height=\"180\" data-height-mobile=\"0\" data-height-tab=\"0\" data-height-tab-portrait=\"0\" data-height-mobile-landscape=\"0\" style=\"clear:both;display:block;\"><\/div>[vc_single_image image=&#8220;723&#8243; img_size=&#8220;medium&#8220; css=&#8220;&#8220; el_class=&#8220;hover-rotate-img&#8220;][vc_custom_heading text=&#8220;Keine Luft nach oben!&#8220; font_container=&#8220;tag:h1|text_align:left&#8220; use_theme_fonts=&#8220;yes&#8220; css=&#8220;&#8220;][vc_column_text css=&#8220;&#8220;]<\/p>\n<div class=\"wpb_text_column wpb_content_element\">\n<div class=\"wpb_wrapper\">\n<p dir=\"auto\">Was eine Software f\u00fcr den Verbrennungsluftnachweis leisten muss, ist klar \u2013 das k\u00f6nnen andere auch. Aber h\u00e4ttest du gedacht, dass eine Luftverbund-App so praktisch und cool sein kann?<\/p>\n<p dir=\"auto\">Du kannst die App auf beliebig vielen Ger\u00e4ten nutzen, ob im B\u00fcro am PC oder Mac oder unterwegs auf Tablets und Smartphones. Egal, wo du arbeitest \u2013 durch die Echtzeit-Synchronisation siehst du alle \u00c4nderungen sofort, und dein ganzes Team ist immer auf dem neuesten Stand.<\/p>\n<p dir=\"auto\"><strong>Und das kann digibase luftverbund:<\/strong><\/p>\n<ul dir=\"auto\">\n<li>Verbrennungsluftnachweis nach Muster-FeuVO und TRGI f\u00fcr Aufstellr\u00e4ume, Heizr\u00e4ume oder Luftverbund<\/li>\n<li>Ermittlung der Schutzziele 1 und 2 f\u00fcr Feuerst\u00e4tten<\/li>\n<li>Daten jederzeit verf\u00fcgbar \u2013 erstellte Reports sind immer und \u00fcberall abrufbar<\/li>\n<li>Nutzbar auf beliebig vielen Ger\u00e4ten \u2013 PC, Laptop, Smartphone oder Tablet<\/li>\n<\/ul>\n<\/div>\n<\/div>\n<p>[\/vc_column_text]<div class=\"ult-spacer spacer-69f72f608c563\" data-id=\"69f72f608c563\" data-height=\"30\" data-height-mobile=\"20\" data-height-tab=\"20\" data-height-tab-portrait=\"20\" data-height-mobile-landscape=\"20\" style=\"clear:both;display:block;\"><\/div><div class=\" ubtn-ctn-left \"><a class=\"ubtn-link ult-adjust-bottom-margin ubtn-left ubtn-small \" href=\"\/de\/preise\/digibase-luftverbund-bestellung\/\" title=\"connect Bestellung\" ><button type=\"button\" id=\"ubtn-1630\"  class=\"ubtn ult-adjust-bottom-margin ult-responsive ubtn-small ubtn-top-bg  none  ubtn-left   tooltip-69f72f608c58a\"  data-hover=\"__USE_THEME_MAIN_COLOR__\" data-border-color=\"__USE_THEME_MAIN_COLOR__\" data-bg=\"__USE_THEME_MAIN_COLOR__\" data-hover-bg=\"#e4f2d0\" data-border-hover=\"__USE_THEME_MAIN_COLOR__\" data-shadow-hover=\"\" data-shadow-click=\"none\" data-shadow=\"\" data-shd-shadow=\"\"  data-ultimate-target='#ubtn-1630'  data-responsive-json-new='{\"font-size\":\"desktop:24px;\",\"line-height\":\"\"}'  style=\"font-weight:bold;border-radius:15px;border-width:2px;border-color:__USE_THEME_MAIN_COLOR__;border-style:solid;background: __USE_THEME_MAIN_COLOR__;color: #ffffff;\"><span class=\"ubtn-hover\" style=\"background-color:#e4f2d0\"><\/span><span class=\"ubtn-data ubtn-text \" data-btn-animate=\"y\"><span class=\"btn-animate-y\">digibase luftverbund kaufen<\/span><\/button><\/a><\/div><div class=\"ult-spacer spacer-69f72f608c603\" data-id=\"69f72f608c603\" data-height=\"\" data-height-mobile=\"20\" data-height-tab=\"\" data-height-tab-portrait=\"20\" data-height-mobile-landscape=\"20\" style=\"clear:both;display:block;\"><\/div>[\/vc_column][vc_column width=&#8220;1\/3&#8243;][vc_single_image image=&#8220;1512&#8243; img_size=&#8220;full&#8220; css=&#8220;&#8220; el_class=&#8220;hover-rotate-img&#8220;][\/vc_column][\/vc_row][vc_row][vc_column]<div class=\"ult-spacer spacer-69f72f608c619\" data-id=\"69f72f608c619\" data-height=\"120\" data-height-mobile=\"30\" data-height-tab=\"30\" data-height-tab-portrait=\"30\" data-height-mobile-landscape=\"30\" style=\"clear:both;display:block;\"><\/div>[\/vc_column][\/vc_row][vc_row][vc_column width=&#8220;2\/3&#8243;][vc_custom_heading text=&#8220;Kostenfrei f\u00fcr Auszubildende und Mitarbeiter&#8220; font_container=&#8220;tag:h1|text_align:left&#8220; use_theme_fonts=&#8220;yes&#8220; css=&#8220;&#8220;]<div class=\"ult-spacer spacer-69f72f608c62d\" data-id=\"69f72f608c62d\" data-height=\"30\" data-height-mobile=\"20\" data-height-tab=\"20\" data-height-tab-portrait=\"20\" data-height-mobile-landscape=\"20\" style=\"clear:both;display:block;\"><\/div>[vc_column_text css=&#8220;&#8220;]<\/p>\n<div class=\"wpb_text_column wpb_content_element\">\n<div class=\"wpb_wrapper\">\n<p>Die App digibase Luftverbund ist f\u00fcr alle Auszubildenden im Schornsteinfegerhandwerk bis zur Gr\u00fcndung ihres eigenen Betriebs kostenlos \u2013 ein idealer Start in die digitale Zukunft des Handwerks.<\/p>\n<\/div>\n<\/div>\n<p>[\/vc_column_text]<div class=\"ult-spacer spacer-69f72f608c641\" data-id=\"69f72f608c641\" data-height=\"30\" data-height-mobile=\"20\" data-height-tab=\"20\" data-height-tab-portrait=\"20\" data-height-mobile-landscape=\"20\" style=\"clear:both;display:block;\"><\/div><div class=\" ubtn-ctn-left \"><a class=\"ubtn-link ult-adjust-bottom-margin ubtn-left ubtn-small \" href=\"\/de\/preise\/digibase-luftverbund-gratislizenz\/\" title=\"connect Bestellung\" ><button type=\"button\" id=\"ubtn-7804\"  class=\"ubtn ult-adjust-bottom-margin ult-responsive ubtn-small ubtn-top-bg  none  ubtn-left   tooltip-69f72f608c65c\"  data-hover=\"__USE_THEME_MAIN_COLOR__\" data-border-color=\"__USE_THEME_MAIN_COLOR__\" data-bg=\"__USE_THEME_MAIN_COLOR__\" data-hover-bg=\"#e4f2d0\" data-border-hover=\"__USE_THEME_MAIN_COLOR__\" data-shadow-hover=\"\" data-shadow-click=\"none\" data-shadow=\"\" data-shd-shadow=\"\"  data-ultimate-target='#ubtn-7804'  data-responsive-json-new='{\"font-size\":\"desktop:24px;\",\"line-height\":\"\"}'  style=\"font-weight:bold;border-radius:15px;border-width:2px;border-color:__USE_THEME_MAIN_COLOR__;border-style:solid;background: __USE_THEME_MAIN_COLOR__;color: #ffffff;\"><span class=\"ubtn-hover\" style=\"background-color:#e4f2d0\"><\/span><span class=\"ubtn-data ubtn-text \" data-btn-animate=\"y\"><span class=\"btn-animate-y\">Gratislizenz bis zur Betriebsgr\u00fcndung<\/span><\/button><\/a><\/div>[\/vc_column][vc_column width=&#8220;1\/3&#8243;][\/vc_column][\/vc_row][vc_row][vc_column]<div class=\"ult-spacer spacer-69f72f608c684\" data-id=\"69f72f608c684\" data-height=\"80\" data-height-mobile=\"30\" data-height-tab=\"30\" data-height-tab-portrait=\"30\" data-height-mobile-landscape=\"30\" style=\"clear:both;display:block;\"><\/div>[\/vc_column][\/vc_row]<\/p>\n<\/div>","protected":false},"excerpt":{"rendered":"<p>[vc_row el_class=&#8220;elevate-on-hover&#8220; css=&#8220;.vc_custom_1732793196674{padding-top: 80px !important;}&#8220;][vc_column width=&#8220;2\/3&#8243;][vc_single_image image=&#8220;723&#8243; img_size=&#8220;medium&#8220; css=&#8220;&#8220; el_class=&#8220;hover-rotate-img&#8220;][vc_custom_heading text=&#8220;Keine Luft nach oben!&#8220; font_container=&#8220;tag:h1|text_align:left&#8220; use_theme_fonts=&#8220;yes&#8220; css=&#8220;&#8220;][vc_column_text css=&#8220;&#8220;] Was eine Software f\u00fcr den Verbrennungsluftnachweis leisten muss, ist klar \u2013 das k\u00f6nnen andere auch. Aber h\u00e4ttest du gedacht, dass eine Luftverbund-App so praktisch und cool sein kann? Du kannst die App auf beliebig vielen Ger\u00e4ten nutzen, [&hellip;]<\/p>\n","protected":false},"author":1,"featured_media":0,"parent":132,"menu_order":0,"comment_status":"closed","ping_status":"closed","template":"page.php","meta":{"footnotes":""},"class_list":["post-147","page","type-page","status-publish","hentry"],"_links":{"self":[{"href":"https:\/\/www.digibase.com\/de\/wp-json\/wp\/v2\/pages\/147","targetHints":{"allow":["GET"]}}],"collection":[{"href":"https:\/\/www.digibase.com\/de\/wp-json\/wp\/v2\/pages"}],"about":[{"href":"https:\/\/www.digibase.com\/de\/wp-json\/wp\/v2\/types\/page"}],"author":[{"embeddable":true,"href":"https:\/\/www.digibase.com\/de\/wp-json\/wp\/v2\/users\/1"}],"replies":[{"embeddable":true,"href":"https:\/\/www.digibase.com\/de\/wp-json\/wp\/v2\/comments?post=147"}],"version-history":[{"count":23,"href":"https:\/\/www.digibase.com\/de\/wp-json\/wp\/v2\/pages\/147\/revisions"}],"predecessor-version":[{"id":1938,"href":"https:\/\/www.digibase.com\/de\/wp-json\/wp\/v2\/pages\/147\/revisions\/1938"}],"up":[{"embeddable":true,"href":"https:\/\/www.digibase.com\/de\/wp-json\/wp\/v2\/pages\/132"}],"wp:attachment":[{"href":"https:\/\/www.digibase.com\/de\/wp-json\/wp\/v2\/media?parent=147"}],"curies":[{"name":"wp","href":"https:\/\/api.w.org\/{rel}","templated":true}]}}