{"id":1633,"date":"2025-02-27T11:32:52","date_gmt":"2025-02-27T10:32:52","guid":{"rendered":"https:\/\/www.digibase.com\/?page_id=1633"},"modified":"2025-05-21T16:07:35","modified_gmt":"2025-05-21T14:07:35","slug":"feuerstaettenschau-abschliessen","status":"publish","type":"page","link":"https:\/\/www.digibase.com\/de\/portal\/feuerstaettenschau-abschliessen\/","title":{"rendered":"Feuerst\u00e4ttenschau abschlie\u00dfen"},"content":{"rendered":"<div class=\"wpb-content-wrapper\"><p>[vc_row][vc_column width=&#8220;1\/2&#8243;]<div class=\"ult-spacer spacer-69d7bd86c8afa\" data-id=\"69d7bd86c8afa\" data-height=\"100\" data-height-mobile=\"100\" data-height-tab=\"100\" data-height-tab-portrait=\"\" data-height-mobile-landscape=\"\" style=\"clear:both;display:block;\"><\/div>[vc_column_text css=&#8220;&#8220;]<\/p>\n<h1>Feuerst\u00e4ttenschau abschlie\u00dfen<\/h1>\n<p>[\/vc_column_text][vc_single_image image=&#8220;1710&#8243; img_size=&#8220;full&#8220; onclick=&#8220;link_image&#8220; css=&#8220;&#8220;][vc_column_text css=&#8220;&#8220;]<\/p>\n<p style=\"text-align: left;\">Elisenstra\u00dfe 1 , 70173 Stuttgart<\/p>\n<p>[\/vc_column_text]<div class=\"ult-spacer spacer-69d7bd86c8b21\" data-id=\"69d7bd86c8b21\" data-height=\"100\" data-height-mobile=\"100\" data-height-tab=\"100\" data-height-tab-portrait=\"\" data-height-mobile-landscape=\"\" style=\"clear:both;display:block;\"><\/div>[\/vc_column][vc_column width=&#8220;1\/2&#8243;]<div class=\"ult-spacer spacer-69d7bd86c8b37\" data-id=\"69d7bd86c8b37\" data-height=\"100\" data-height-mobile=\"100\" data-height-tab=\"100\" data-height-tab-portrait=\"\" data-height-mobile-landscape=\"\" style=\"clear:both;display:block;\"><\/div>[vc_column_text css=&#8220;&#8220;]<\/p>\n<h3>Situation<\/h3>\n<p>Anhand dieses Fallbeispiels wird die Feuerst\u00e4ttenschau f\u00fcr dieses Geb\u00e4ude gezeigt. Es handelt sich um eine Geb\u00e4ude mit 2 Feuerst\u00e4tten, LAS, Schornstein, Dunstschacht und Dunstabzugshaube.<\/p>\n<ul>\n<li>Bei der Feuerst\u00e4ttenschau wird ein Mangel am Schornstein festgestellt.<\/li>\n<li>Die Perioden der durchzuf\u00fchrenden T\u00e4tigkeiten werden umgeplant<\/li>\n<\/ul>\n<p>Der vollst\u00e4ndige Prozess wird demonstriert &#8211; von der Durchf\u00fchrung der Feuerst\u00e4ttenschau bis zu den fertigen Dokumenten[\/vc_column_text][vc_column_text css=&#8220;&#8220;]<\/p>\n<h3>Weiterf\u00fchrende Videos<\/h3>\n<p>Aufbauend zu diesem Video entstehen weitere Videos (Feuerst\u00e4ttenschau Mehrfamilienhaus, M\u00e4ngelverwaltung etc). Diese werden hier verlinkt, sobald diese erstellt wurden.[\/vc_column_text][vc_column_text css=&#8220;&#8220;]<\/p>\n<h3>Relevante Hilfeartikel<\/h3>\n<ul>\n<li><a href=\"https:\/\/hilfe.www.digibase.com\/support\/solutions\/articles\/36000415066-m%C3%A4ngelverwaltung\">M\u00e4ngelverwaltung<\/a><\/li>\n<li><a href=\"https:\/\/hilfe.www.digibase.com\/support\/solutions\/articles\/36000471299-feuerst%C3%A4ttenschau-gemeinsam-mit-freier-begehung-durchf%C3%BChren\">Feuerst\u00e4ttenschau gemeinsam mit freier Begehung durchf\u00fchren<\/a><\/li>\n<\/ul>\n<p>[\/vc_column_text][vc_column_text css=&#8220;&#8220;]<\/p>\n<h3>Infos<\/h3>\n<ul>\n<li>connect Version 2.18.1<\/li>\n<li>aufgezeichnet von: Andr\u00e9 Fripon<\/li>\n<\/ul>\n<p>[\/vc_column_text]<div class=\"ult-spacer spacer-69d7bd86c8b49\" data-id=\"69d7bd86c8b49\" data-height=\"250\" data-height-mobile=\"250\" data-height-tab=\"250\" data-height-tab-portrait=\"\" data-height-mobile-landscape=\"\" style=\"clear:both;display:block;\"><\/div>[\/vc_column][\/vc_row]<\/p>\n<\/div>","protected":false},"excerpt":{"rendered":"<p>[vc_row][vc_column width=&#8220;1\/2&#8243;][vc_column_text css=&#8220;&#8220;] Feuerst\u00e4ttenschau abschlie\u00dfen [\/vc_column_text][vc_single_image image=&#8220;1710&#8243; img_size=&#8220;full&#8220; onclick=&#8220;link_image&#8220; css=&#8220;&#8220;][vc_column_text css=&#8220;&#8220;] Elisenstra\u00dfe 1 , 70173 Stuttgart [\/vc_column_text][\/vc_column][vc_column width=&#8220;1\/2&#8243;][vc_column_text css=&#8220;&#8220;] Situation Anhand dieses Fallbeispiels wird die Feuerst\u00e4ttenschau f\u00fcr dieses Geb\u00e4ude gezeigt. Es handelt sich um eine Geb\u00e4ude mit 2 Feuerst\u00e4tten, LAS, Schornstein, Dunstschacht und Dunstabzugshaube. Bei der Feuerst\u00e4ttenschau wird ein Mangel am Schornstein festgestellt. Die Perioden [&hellip;]<\/p>\n","protected":false},"author":1,"featured_media":0,"parent":1630,"menu_order":0,"comment_status":"closed","ping_status":"closed","template":"page.php","meta":{"footnotes":""},"class_list":["post-1633","page","type-page","status-publish","hentry"],"_links":{"self":[{"href":"https:\/\/www.digibase.com\/de\/wp-json\/wp\/v2\/pages\/1633","targetHints":{"allow":["GET"]}}],"collection":[{"href":"https:\/\/www.digibase.com\/de\/wp-json\/wp\/v2\/pages"}],"about":[{"href":"https:\/\/www.digibase.com\/de\/wp-json\/wp\/v2\/types\/page"}],"author":[{"embeddable":true,"href":"https:\/\/www.digibase.com\/de\/wp-json\/wp\/v2\/users\/1"}],"replies":[{"embeddable":true,"href":"https:\/\/www.digibase.com\/de\/wp-json\/wp\/v2\/comments?post=1633"}],"version-history":[{"count":34,"href":"https:\/\/www.digibase.com\/de\/wp-json\/wp\/v2\/pages\/1633\/revisions"}],"predecessor-version":[{"id":1724,"href":"https:\/\/www.digibase.com\/de\/wp-json\/wp\/v2\/pages\/1633\/revisions\/1724"}],"up":[{"embeddable":true,"href":"https:\/\/www.digibase.com\/de\/wp-json\/wp\/v2\/pages\/1630"}],"wp:attachment":[{"href":"https:\/\/www.digibase.com\/de\/wp-json\/wp\/v2\/media?parent=1633"}],"curies":[{"name":"wp","href":"https:\/\/api.w.org\/{rel}","templated":true}]}}