{"id":1788,"date":"2025-07-08T09:52:51","date_gmt":"2025-07-08T07:52:51","guid":{"rendered":"https:\/\/www.digibase.com\/?page_id=1788"},"modified":"2025-07-08T10:26:01","modified_gmt":"2025-07-08T08:26:01","slug":"begehungsfilter-und-meilensteine","status":"publish","type":"page","link":"https:\/\/www.digibase.com\/de\/portal\/begehungsfilter-und-meilensteine\/","title":{"rendered":"Begehungsfilter und Meilensteine"},"content":{"rendered":"<div class=\"wpb-content-wrapper\"><p>[vc_row][vc_column width=&#8220;1\/2&#8243;]<div class=\"ult-spacer spacer-69e638644a6ea\" data-id=\"69e638644a6ea\" data-height=\"100\" data-height-mobile=\"100\" data-height-tab=\"100\" data-height-tab-portrait=\"\" data-height-mobile-landscape=\"\" style=\"clear:both;display:block;\"><\/div>[vc_column_text css=&#8220;&#8220;]<\/p>\n<h1>Begehungsfilter und Meilensteine<\/h1>\n<p>[\/vc_column_text][vc_single_image image=&#8220;1792&#8243; img_size=&#8220;full&#8220; onclick=&#8220;link_image&#8220; css=&#8220;&#8220;][vc_column_text css=&#8220;&#8220;]<\/p>\n<p style=\"text-align: left;\">Arbeitspaket: Kehren &amp; Messen ohne GHS<\/p>\n<p>[\/vc_column_text]<div class=\"ult-spacer spacer-69e638644a71a\" data-id=\"69e638644a71a\" data-height=\"100\" data-height-mobile=\"100\" data-height-tab=\"100\" data-height-tab-portrait=\"\" data-height-mobile-landscape=\"\" style=\"clear:both;display:block;\"><\/div>[\/vc_column][vc_column width=&#8220;1\/2&#8243;]<div class=\"ult-spacer spacer-69e638644a73b\" data-id=\"69e638644a73b\" data-height=\"100\" data-height-mobile=\"100\" data-height-tab=\"100\" data-height-tab-portrait=\"\" data-height-mobile-landscape=\"\" style=\"clear:both;display:block;\"><\/div>[vc_column_text css=&#8220;&#8220;]<\/p>\n<h3>Inhalt<\/h3>\n<p>Anhand der Begehungsliste werden hier kurz die Filteroptionen f\u00fcr die Begehungen erl\u00e4utert und mit Beispielen die praktische Anwendung nahegebracht.<\/p>\n<p>Zum Inhalt dieses Videos geh\u00f6ren:<\/p>\n<ul>\n<li>Die Begehungsliste<\/li>\n<li>Der erste Filter (Beispiel)<\/li>\n<li>Kombinationen von T\u00e4tigkeiten (Beispiel)<\/li>\n<li>Fristen (Beispiel)<\/li>\n<li>Was kann der Filter nicht?<\/li>\n<li>Meilensteine (Beispiel)<\/li>\n<\/ul>\n<p>[\/vc_column_text][vc_column_text css=&#8220;&#8220;]<\/p>\n<h3>Weiterf\u00fchrende Videos<\/h3>\n<p>Aufbauend zu diesem Video entstehen weitere Videos (Planung von Kehrtouren, weitere Meilensteine etc). Diese werden hier verlinkt, sobald sie erstellt wurden.[\/vc_column_text][vc_column_text css=&#8220;&#8220;]<\/p>\n<h3>Relevante Hilfeartikel<\/h3>\n<ul>\n<li><a href=\"https:\/\/hilfe.www.digibase.com\/support\/solutions\/articles\/36000426345-begehungen-klassische-filter-reste-und-planung\">Begehungen: klassische Filter, Reste und Planung<\/a><\/li>\n<li><a href=\"https:\/\/hilfe.www.digibase.com\/support\/solutions\/articles\/36000486649-arbeitsplanung-mit-meilensteinen-arbeitspakete-\">Arbeitsplanung mit Meilensteinen (Arbeitspakete)<\/a><\/li>\n<\/ul>\n<p>[\/vc_column_text][vc_column_text css=&#8220;&#8220;]<\/p>\n<h3>Infos<\/h3>\n<ul>\n<li>connect Version 2.25.3<\/li>\n<li>aufgezeichnet von: Mariusz Kukulski<\/li>\n<\/ul>\n<p>[\/vc_column_text]<div class=\"ult-spacer spacer-69e638644a754\" data-id=\"69e638644a754\" data-height=\"250\" data-height-mobile=\"250\" data-height-tab=\"250\" data-height-tab-portrait=\"\" data-height-mobile-landscape=\"\" style=\"clear:both;display:block;\"><\/div>[\/vc_column][\/vc_row]<\/p>\n<\/div>","protected":false},"excerpt":{"rendered":"<p>[vc_row][vc_column width=&#8220;1\/2&#8243;][vc_column_text css=&#8220;&#8220;] Begehungsfilter und Meilensteine [\/vc_column_text][vc_single_image image=&#8220;1792&#8243; img_size=&#8220;full&#8220; onclick=&#8220;link_image&#8220; css=&#8220;&#8220;][vc_column_text css=&#8220;&#8220;] Arbeitspaket: Kehren &amp; Messen ohne GHS [\/vc_column_text][\/vc_column][vc_column width=&#8220;1\/2&#8243;][vc_column_text css=&#8220;&#8220;] Inhalt Anhand der Begehungsliste werden hier kurz die Filteroptionen f\u00fcr die Begehungen erl\u00e4utert und mit Beispielen die praktische Anwendung nahegebracht. Zum Inhalt dieses Videos geh\u00f6ren: Die Begehungsliste Der erste Filter (Beispiel) Kombinationen von T\u00e4tigkeiten [&hellip;]<\/p>\n","protected":false},"author":2,"featured_media":0,"parent":1630,"menu_order":0,"comment_status":"closed","ping_status":"closed","template":"page.php","meta":{"footnotes":""},"class_list":["post-1788","page","type-page","status-publish","hentry"],"_links":{"self":[{"href":"https:\/\/www.digibase.com\/de\/wp-json\/wp\/v2\/pages\/1788","targetHints":{"allow":["GET"]}}],"collection":[{"href":"https:\/\/www.digibase.com\/de\/wp-json\/wp\/v2\/pages"}],"about":[{"href":"https:\/\/www.digibase.com\/de\/wp-json\/wp\/v2\/types\/page"}],"author":[{"embeddable":true,"href":"https:\/\/www.digibase.com\/de\/wp-json\/wp\/v2\/users\/2"}],"replies":[{"embeddable":true,"href":"https:\/\/www.digibase.com\/de\/wp-json\/wp\/v2\/comments?post=1788"}],"version-history":[{"count":3,"href":"https:\/\/www.digibase.com\/de\/wp-json\/wp\/v2\/pages\/1788\/revisions"}],"predecessor-version":[{"id":1797,"href":"https:\/\/www.digibase.com\/de\/wp-json\/wp\/v2\/pages\/1788\/revisions\/1797"}],"up":[{"embeddable":true,"href":"https:\/\/www.digibase.com\/de\/wp-json\/wp\/v2\/pages\/1630"}],"wp:attachment":[{"href":"https:\/\/www.digibase.com\/de\/wp-json\/wp\/v2\/media?parent=1788"}],"curies":[{"name":"wp","href":"https:\/\/api.w.org\/{rel}","templated":true}]}}