{"id":1801,"date":"2025-07-09T15:35:00","date_gmt":"2025-07-09T13:35:00","guid":{"rendered":"https:\/\/www.digibase.com\/?page_id=1801"},"modified":"2025-09-01T09:20:55","modified_gmt":"2025-09-01T07:20:55","slug":"bauabnahme-austausch","status":"publish","type":"page","link":"https:\/\/www.digibase.com\/de\/portal\/bauabnahme-austausch\/","title":{"rendered":"Bauabnahme &#8211; Austausch einer Feuerst\u00e4tte"},"content":{"rendered":"<div class=\"wpb-content-wrapper\"><p>[vc_row][vc_column width=&#8220;1\/2&#8243;]<div class=\"ult-spacer spacer-69d74c9d83ced\" data-id=\"69d74c9d83ced\" data-height=\"100\" data-height-mobile=\"100\" data-height-tab=\"100\" data-height-tab-portrait=\"\" data-height-mobile-landscape=\"\" style=\"clear:both;display:block;\"><\/div>[vc_column_text css=&#8220;&#8220;]<\/p>\n<h1>Austausch einer Feuerst\u00e4tte<\/h1>\n<p>[\/vc_column_text][vc_single_image image=&#8220;1803&#8243; img_size=&#8220;full&#8220; onclick=&#8220;link_image&#8220; css=&#8220;&#8220;][vc_column_text css=&#8220;&#8220;]<\/p>\n<p style=\"text-align: left;\">Badstrasse 16 , 70173 Stuttgart<\/p>\n<p>[\/vc_column_text]<div class=\"ult-spacer spacer-69d74c9d83d17\" data-id=\"69d74c9d83d17\" data-height=\"100\" data-height-mobile=\"100\" data-height-tab=\"100\" data-height-tab-portrait=\"\" data-height-mobile-landscape=\"\" style=\"clear:both;display:block;\"><\/div>[\/vc_column][vc_column width=&#8220;1\/2&#8243;]<div class=\"ult-spacer spacer-69d74c9d83d2e\" data-id=\"69d74c9d83d2e\" data-height=\"100\" data-height-mobile=\"100\" data-height-tab=\"100\" data-height-tab-portrait=\"\" data-height-mobile-landscape=\"\" style=\"clear:both;display:block;\"><\/div>[vc_column_text css=&#8220;&#8220;]<\/p>\n<h3>Situation<\/h3>\n<p>Anhand dieses Fallbeispiels wird der Austausch einer Feuerst\u00e4tte f\u00fcr dieses Geb\u00e4ude gezeigt. Es handelt sich um ein Geb\u00e4ude mit einem Gasheizkessel aus 1992, welcher ausgetauscht wird.<\/p>\n<ul>\n<li>Die bestehende Feuerst\u00e4tte wird durch einen Gas-Brennwert Heizkessel ersetzt<\/li>\n<\/ul>\n<p>&nbsp;<\/p>\n<p>Dieses Video behandelt die grundlegenden Eingaben in digibase connect bis zur automatischen Anlage der Baubegehung. Die bundeslandspezifischen Themen werden in einem separaten Video behandelt.[\/vc_column_text][vc_column_text css=&#8220;&#8220;]<\/p>\n<h3>Weiterf\u00fchrende Videos<\/h3>\n<p>Aufbauend zu diesem Video entstehen weitere bundeslandspezifische Videos, um den Prozess der Bauabnahme individuell zu erl\u00e4utern.[\/vc_column_text][vc_column_text css=&#8220;&#8220;]<\/p>\n<h3>Relevante Hilfeartikel<\/h3>\n<ul>\n<li><a href=\"https:\/\/hilfe.www.digibase.com\/support\/solutions\/articles\/36000510169-bauabnahme-bauordnung\">Bauabnahme\/Bauordnung\u00a0<\/a><\/li>\n<li><a href=\"https:\/\/hilfe.www.digibase.com\/support\/solutions\/articles\/36000530141-optimierungen-%C3%A4nderungen-am-assistenten\">Informationen zum Assistenten<\/a><\/li>\n<\/ul>\n<p>[\/vc_column_text][vc_column_text css=&#8220;&#8220;]<\/p>\n<h3>Infos<\/h3>\n<ul>\n<li>connect Version 2.25.3<\/li>\n<li>aufgezeichnet von: Andr\u00e9 Fripon<\/li>\n<\/ul>\n<p>[\/vc_column_text]<div class=\"ult-spacer spacer-69d74c9d83d41\" data-id=\"69d74c9d83d41\" data-height=\"250\" data-height-mobile=\"250\" data-height-tab=\"250\" data-height-tab-portrait=\"\" data-height-mobile-landscape=\"\" style=\"clear:both;display:block;\"><\/div>[\/vc_column][\/vc_row]<\/p>\n<\/div>","protected":false},"excerpt":{"rendered":"<p>[vc_row][vc_column width=&#8220;1\/2&#8243;][vc_column_text css=&#8220;&#8220;] Austausch einer Feuerst\u00e4tte [\/vc_column_text][vc_single_image image=&#8220;1803&#8243; img_size=&#8220;full&#8220; onclick=&#8220;link_image&#8220; css=&#8220;&#8220;][vc_column_text css=&#8220;&#8220;] Badstrasse 16 , 70173 Stuttgart [\/vc_column_text][\/vc_column][vc_column width=&#8220;1\/2&#8243;][vc_column_text css=&#8220;&#8220;] Situation Anhand dieses Fallbeispiels wird der Austausch einer Feuerst\u00e4tte f\u00fcr dieses Geb\u00e4ude gezeigt. Es handelt sich um ein Geb\u00e4ude mit einem Gasheizkessel aus 1992, welcher ausgetauscht wird. Die bestehende Feuerst\u00e4tte wird durch einen Gas-Brennwert Heizkessel [&hellip;]<\/p>\n","protected":false},"author":2,"featured_media":0,"parent":1630,"menu_order":0,"comment_status":"closed","ping_status":"closed","template":"page.php","meta":{"footnotes":""},"class_list":["post-1801","page","type-page","status-publish","hentry"],"_links":{"self":[{"href":"https:\/\/www.digibase.com\/de\/wp-json\/wp\/v2\/pages\/1801","targetHints":{"allow":["GET"]}}],"collection":[{"href":"https:\/\/www.digibase.com\/de\/wp-json\/wp\/v2\/pages"}],"about":[{"href":"https:\/\/www.digibase.com\/de\/wp-json\/wp\/v2\/types\/page"}],"author":[{"embeddable":true,"href":"https:\/\/www.digibase.com\/de\/wp-json\/wp\/v2\/users\/2"}],"replies":[{"embeddable":true,"href":"https:\/\/www.digibase.com\/de\/wp-json\/wp\/v2\/comments?post=1801"}],"version-history":[{"count":11,"href":"https:\/\/www.digibase.com\/de\/wp-json\/wp\/v2\/pages\/1801\/revisions"}],"predecessor-version":[{"id":1867,"href":"https:\/\/www.digibase.com\/de\/wp-json\/wp\/v2\/pages\/1801\/revisions\/1867"}],"up":[{"embeddable":true,"href":"https:\/\/www.digibase.com\/de\/wp-json\/wp\/v2\/pages\/1630"}],"wp:attachment":[{"href":"https:\/\/www.digibase.com\/de\/wp-json\/wp\/v2\/media?parent=1801"}],"curies":[{"name":"wp","href":"https:\/\/api.w.org\/{rel}","templated":true}]}}