{"id":1813,"date":"2025-07-09T15:51:03","date_gmt":"2025-07-09T13:51:03","guid":{"rendered":"https:\/\/www.digibase.com\/?page_id=1813"},"modified":"2025-09-01T09:25:48","modified_gmt":"2025-09-01T07:25:48","slug":"bauabnahme-schleswig-holstein","status":"publish","type":"page","link":"https:\/\/www.digibase.com\/de\/portal\/bauabnahme-schleswig-holstein\/","title":{"rendered":"Bauabnahme Schleswig-Holstein"},"content":{"rendered":"<div class=\"wpb-content-wrapper\"><p>[vc_row][vc_column width=&#8220;1\/2&#8243;]<div class=\"ult-spacer spacer-69d77cd111d3c\" data-id=\"69d77cd111d3c\" data-height=\"100\" data-height-mobile=\"100\" data-height-tab=\"100\" data-height-tab-portrait=\"\" data-height-mobile-landscape=\"\" style=\"clear:both;display:block;\"><\/div>[vc_column_text css=&#8220;&#8220;]<\/p>\n<h1>Bauabnahme Schleswig-Holstein<\/h1>\n<p>[\/vc_column_text][vc_single_image image=&#8220;1803&#8243; img_size=&#8220;full&#8220; onclick=&#8220;link_image&#8220; css=&#8220;&#8220;][vc_column_text css=&#8220;&#8220;]<\/p>\n<p style=\"text-align: left;\">Badstrasse 16 , 23774 Heiligenhafen<\/p>\n<p>[\/vc_column_text]<div class=\"ult-spacer spacer-69d77cd111d70\" data-id=\"69d77cd111d70\" data-height=\"100\" data-height-mobile=\"100\" data-height-tab=\"100\" data-height-tab-portrait=\"\" data-height-mobile-landscape=\"\" style=\"clear:both;display:block;\"><\/div>[\/vc_column][vc_column width=&#8220;1\/2&#8243;]<div class=\"ult-spacer spacer-69d77cd111d94\" data-id=\"69d77cd111d94\" data-height=\"100\" data-height-mobile=\"100\" data-height-tab=\"100\" data-height-tab-portrait=\"\" data-height-mobile-landscape=\"\" style=\"clear:both;display:block;\"><\/div>[vc_column_text css=&#8220;&#8220;]<\/p>\n<h3>Situation<\/h3>\n<p>Anhand dieses Fallbeispiels wird die Bauabnahme in Schleswig-Holstein gezeigt. Der Austausch der Feuerst\u00e4tte wurde in dem vorherigen Video gezeigt<\/p>\n<ul>\n<li>Dokumente inkl. Anlage 7 werden erstellt<\/li>\n<li>Geb\u00fchren der Bauabnahme werden erl\u00e4utert<\/li>\n<\/ul>\n<p>Der vollst\u00e4ndige Prozess wird demonstriert &#8211; von dem Anlegen von Aufgaben bis zu den vollst\u00e4ndigen Dokumenten[\/vc_column_text][vc_column_text css=&#8220;&#8220;]<\/p>\n<h3>Weiterf\u00fchrende Videos<\/h3>\n<p>Das Grundlagenvideo zur Bauabnahme (Austausch einer Feuerst\u00e4tte) wird hier verlinkt.[\/vc_column_text][vc_column_text css=&#8220;&#8220;]<\/p>\n<h3>Relevante Hilfeartikel<\/h3>\n<ul>\n<li><a href=\"https:\/\/hilfe.www.digibase.com\/support\/solutions\/articles\/36000510169-bauabnahme-bauordnung\">Bauabnahme\/Bauordnung\u00a0<\/a><\/li>\n<\/ul>\n<ul>\n<li><a href=\"https:\/\/hilfe.www.digibase.com\/support\/solutions\/articles\/36000530141-optimierungen-%C3%A4nderungen-am-assistenten\">Informationen zum Assistenten<\/a><\/li>\n<\/ul>\n<p>[\/vc_column_text][vc_column_text css=&#8220;&#8220;]<\/p>\n<h3>Infos<\/h3>\n<ul>\n<li>connect Version 2.25.3<\/li>\n<li>aufgezeichnet von: Andr\u00e9 Fripon<\/li>\n<\/ul>\n<p>[\/vc_column_text]<div class=\"ult-spacer spacer-69d77cd111db3\" data-id=\"69d77cd111db3\" data-height=\"250\" data-height-mobile=\"250\" data-height-tab=\"250\" data-height-tab-portrait=\"\" data-height-mobile-landscape=\"\" style=\"clear:both;display:block;\"><\/div>[\/vc_column][\/vc_row]<\/p>\n<\/div>","protected":false},"excerpt":{"rendered":"<p>[vc_row][vc_column width=&#8220;1\/2&#8243;][vc_column_text css=&#8220;&#8220;] Bauabnahme Schleswig-Holstein [\/vc_column_text][vc_single_image image=&#8220;1803&#8243; img_size=&#8220;full&#8220; onclick=&#8220;link_image&#8220; css=&#8220;&#8220;][vc_column_text css=&#8220;&#8220;] Badstrasse 16 , 23774 Heiligenhafen [\/vc_column_text][\/vc_column][vc_column width=&#8220;1\/2&#8243;][vc_column_text css=&#8220;&#8220;] Situation Anhand dieses Fallbeispiels wird die Bauabnahme in Schleswig-Holstein gezeigt. Der Austausch der Feuerst\u00e4tte wurde in dem vorherigen Video gezeigt Dokumente inkl. Anlage 7 werden erstellt Geb\u00fchren der Bauabnahme werden erl\u00e4utert Der vollst\u00e4ndige Prozess wird demonstriert [&hellip;]<\/p>\n","protected":false},"author":2,"featured_media":0,"parent":1630,"menu_order":0,"comment_status":"closed","ping_status":"closed","template":"page.php","meta":{"footnotes":""},"class_list":["post-1813","page","type-page","status-publish","hentry"],"_links":{"self":[{"href":"https:\/\/www.digibase.com\/de\/wp-json\/wp\/v2\/pages\/1813","targetHints":{"allow":["GET"]}}],"collection":[{"href":"https:\/\/www.digibase.com\/de\/wp-json\/wp\/v2\/pages"}],"about":[{"href":"https:\/\/www.digibase.com\/de\/wp-json\/wp\/v2\/types\/page"}],"author":[{"embeddable":true,"href":"https:\/\/www.digibase.com\/de\/wp-json\/wp\/v2\/users\/2"}],"replies":[{"embeddable":true,"href":"https:\/\/www.digibase.com\/de\/wp-json\/wp\/v2\/comments?post=1813"}],"version-history":[{"count":9,"href":"https:\/\/www.digibase.com\/de\/wp-json\/wp\/v2\/pages\/1813\/revisions"}],"predecessor-version":[{"id":1873,"href":"https:\/\/www.digibase.com\/de\/wp-json\/wp\/v2\/pages\/1813\/revisions\/1873"}],"up":[{"embeddable":true,"href":"https:\/\/www.digibase.com\/de\/wp-json\/wp\/v2\/pages\/1630"}],"wp:attachment":[{"href":"https:\/\/www.digibase.com\/de\/wp-json\/wp\/v2\/media?parent=1813"}],"curies":[{"name":"wp","href":"https:\/\/api.w.org\/{rel}","templated":true}]}}