{"id":2081,"date":"2026-02-10T18:11:20","date_gmt":"2026-02-10T17:11:20","guid":{"rendered":"https:\/\/www.digibase.com\/?page_id=2081"},"modified":"2026-03-24T14:26:51","modified_gmt":"2026-03-24T13:26:51","slug":"turbo","status":"publish","type":"page","link":"https:\/\/www.digibase.com\/de\/page\/turbo\/","title":{"rendered":"turbo"},"content":{"rendered":"<div class=\"wpb-content-wrapper\"><p>[vc_row full_width=&#8220;stretch_row&#8220; equal_height=&#8220;yes&#8220; content_placement=&#8220;middle&#8220; bg_type=&#8220;grad&#8220; min_height=&#8220;700&#8243; bg_grad=&#8220;background: -webkit-gradient(linear, left top, left bottom, color-stop(0%, #FAFAFA), color-stop(100%, #EDEDED));background: -moz-linear-gradient(left,#FAFAFA 0%,#EDEDED 100%);background: -webkit-linear-gradient(left,#FAFAFA 0%,#EDEDED 100%);background: -o-linear-gradient(left,#FAFAFA 0%,#EDEDED 100%);background: -ms-linear-gradient(left,#FAFAFA 0%,#EDEDED 100%);background: linear-gradient(left,#FAFAFA 0%,#EDEDED 100%);&#8220;][vc_column width=&#8220;1\/2&#8243;]<div class=\"ult-spacer spacer-69e085d080fe2\" data-id=\"69e085d080fe2\" data-height=\"60\" data-height-mobile=\"50\" data-height-tab=\"50\" data-height-tab-portrait=\"50\" data-height-mobile-landscape=\"50\" style=\"clear:both;display:block;\"><\/div>[vc_custom_heading text=&#8220;Der Turbo f\u00fcr Existenzgr\u00fcnder&#8220; font_container=&#8220;tag:h1|text_align:left&#8220; use_theme_fonts=&#8220;yes&#8220; css=&#8220;&#8220;][vc_column_text css=&#8220;&#8220;]<strong>Ein eigener Schornsteinfegerbetrieb? Mutig \u2013 und eine echte Chance. <\/strong>Doch direkt zum Start gilt es, wichtige Weichen zu stellen: Wechselst du auf eine moderne Verwaltungssoftware? Klappt die Daten\u00fcbernahme? Und gibt es F\u00f6rdermittel, die dich finanziell entlasten?[\/vc_column_text][\/vc_column][vc_column width=&#8220;1\/2&#8243;][vc_single_image image=&#8220;2086&#8243; img_size=&#8220;large&#8220; alignment=&#8220;center&#8220;][\/vc_column][\/vc_row][vc_row el_class=&#8220;elevate-on-hover&#8220;][vc_column width=&#8220;1\/2&#8243;]<div class=\"ult-spacer spacer-69e085d08100b\" data-id=\"69e085d08100b\" data-height=\"160\" data-height-mobile=\"0\" data-height-tab=\"0\" data-height-tab-portrait=\"0\" data-height-mobile-landscape=\"0\" style=\"clear:both;display:block;\"><\/div>[vc_column_text css=&#8220;&#8220;]<\/p>\n<h2><strong>Genau hier kommen wir von digibase ins Spiel<\/strong><\/h2>\n<p>Wir haben die L\u00f6sung f\u00fcr alle drei Entscheidungen: modernste Software aus diesem Jahrtausend, eine Daten\u00fcbernahme, die nicht nur reibungslos l\u00e4uft, sondern deinen Bestand mit der Frischekur optimiert, und passende F\u00f6rderprogramme, die dich finanziell entlasten und deine Digitalisierung voranbringen.[\/vc_column_text]<div class=\"ult-spacer spacer-69e085d081025\" data-id=\"69e085d081025\" data-height=\"\" data-height-mobile=\"30\" data-height-tab=\"\" data-height-tab-portrait=\"30\" data-height-mobile-landscape=\"30\" style=\"clear:both;display:block;\"><\/div>[\/vc_column][vc_column width=&#8220;1\/2&#8243;]<div class=\"ult-spacer spacer-69e085d08103b\" data-id=\"69e085d08103b\" data-height=\"60\" data-height-mobile=\"30\" data-height-tab=\"30\" data-height-tab-portrait=\"30\" data-height-mobile-landscape=\"30\" style=\"clear:both;display:block;\"><\/div>[vc_raw_html css=&#8220;&#8220;]JTNDZGl2JTIwZGF0YS1mYy1rZXklM0QlMjJkZTdiOWY0OSUyMiUyMHN0eWxlJTNEJTIybWF4LXdpZHRoJTNBNjAwcHglM0JoZWlnaHQlM0E1ODIuMDVweCUzQm1hcmdpbiUzQTAlMjBhdXRvJTIyJTNFJTNDJTJGZGl2JTNFJTNDc2NyaXB0JTIwc3JjJTNEJTIyaHR0cHMlM0ElMkYlMkZhcHAuZm9ybWNyYWZ0cy5jb20lMkZlbWJlZC5qcyUyMiUzRSUzQyUyRnNjcmlwdCUzRQ==[\/vc_raw_html]<div class=\"ult-spacer spacer-69e085d081050\" data-id=\"69e085d081050\" data-height=\"150\" data-height-mobile=\"40\" data-height-tab=\"40\" data-height-tab-portrait=\"40\" data-height-mobile-landscape=\"40\" style=\"clear:both;display:block;\"><\/div>[\/vc_column][\/vc_row][vc_row full_width=&#8220;stretch_row&#8220; equal_height=&#8220;yes&#8220; content_placement=&#8220;middle&#8220; bg_type=&#8220;grad&#8220; min_height=&#8220;700&#8243; bg_grad=&#8220;background: -webkit-gradient(linear, left top, left bottom, color-stop(0%, #FAFAFA), color-stop(100%, #EDEDED));background: -moz-linear-gradient(left,#FAFAFA 0%,#EDEDED 100%);background: -webkit-linear-gradient(left,#FAFAFA 0%,#EDEDED 100%);background: -o-linear-gradient(left,#FAFAFA 0%,#EDEDED 100%);background: -ms-linear-gradient(left,#FAFAFA 0%,#EDEDED 100%);background: linear-gradient(left,#FAFAFA 0%,#EDEDED 100%);&#8220;][vc_column width=&#8220;1\/12&#8243;][\/vc_column][vc_column width=&#8220;5\/6&#8243;]<div class=\"ult-spacer spacer-69e085d081064\" data-id=\"69e085d081064\" data-height=\"60\" data-height-mobile=\"50\" data-height-tab=\"50\" data-height-tab-portrait=\"50\" data-height-mobile-landscape=\"50\" style=\"clear:both;display:block;\"><\/div>[vc_tta_pageable no_fill_content_area=&#8220;true&#8220; autoplay=&#8220;5&#8243; active_section=&#8220;1&#8243; pagination_style=&#8220;flat-rounded&#8220; pagination_color=&#8220;black&#8220;][vc_tta_section tab_id=&#8220;1770743680642-8a25be22-9023&#8243;][vc_column_text css=&#8220;&#8220;]<\/p>\n<blockquote>\n<h2 style=\"text-align: center;\"><span style=\"color: #86bd40;\">\u201eIch erwische mich manchmal dabei, wie ich beim Nutzen der Software einfach grinse \u2013 weil sie endlich mal mitdenkt.\u201c<\/span><br \/>\n<span style=\"font-size: 16px;\">\u2014<\/span><em style=\"font-size: 16px;\">Jan Krawczyk-Andreas, Kollege aus NRW<\/em><\/h2>\n<\/blockquote>\n<p>[\/vc_column_text][\/vc_tta_section][vc_tta_section title=&#8220;Inhaltsbereich 2&#8243; tab_id=&#8220;1770743680654-fdbad5d3-015b&#8220;][vc_column_text css=&#8220;&#8220;]<\/p>\n<blockquote>\n<h2 style=\"text-align: center;\"><span style=\"color: #86bd40;\">\u201econnect begeistert: gro\u00dfartiger Support, echte Freude am Arbeiten.\u201c<\/span><br \/>\n<span style=\"font-size: 16px;\">\u2014<em>Lars Kohut, Kollege aus NRW<\/em><\/span><\/h2>\n<\/blockquote>\n<p>[\/vc_column_text][\/vc_tta_section][vc_tta_section title=&#8220;Inhaltsbereich&#8220; tab_id=&#8220;1770743680666-f20eb38c-d8b4&#8243;][vc_column_text css=&#8220;&#8220;]<\/p>\n<blockquote>\n<h2 style=\"text-align: center;\"><span style=\"color: #86bd40;\">\u201econnect fegt keine Kamine, aber alles andere l\u00e4uft von alleine!\u201c<\/span><br \/>\n<span style=\"font-size: 16px;\">\u2014<em>Christoph Seidel, Kollege aus BaW\u00fc<\/em><\/span><\/h2>\n<\/blockquote>\n<p>[\/vc_column_text][\/vc_tta_section][vc_tta_section title=&#8220;Inhaltsbereich&#8220; tab_id=&#8220;1770743680676-98fb9fcb-a4ac&#8220;][vc_column_text css=&#8220;&#8220;]<\/p>\n<blockquote>\n<h2 style=\"text-align: center;\"><span style=\"color: #86bd40;\">\u201eDer Wechsel zu connect war einer der besten Schritte, die ich in den letzten Jahren gewagt habe.\u201c<\/span><br \/>\n<span style=\"font-size: 16px;\">\u2014<em>Dirk M\u00f6rs-Sauskojus, Kollege aus NRW<\/em><\/span><\/h2>\n<\/blockquote>\n<p>[\/vc_column_text][\/vc_tta_section][vc_tta_section title=&#8220;Inhaltsbereich&#8220; tab_id=&#8220;1770743680689-fb85b274-e812&#8243;][vc_column_text css=&#8220;&#8220;]<\/p>\n<blockquote>\n<h2 style=\"text-align: center;\"><span style=\"color: #86bd40;\">\u201eIch finde connect ph\u00e4nomenal, meine Frau sagt, ich bin seit dem Wechsel zu Euch ein neuer Mensch.\u201c<\/span><br \/>\n<span style=\"font-size: 16px;\">\u2014<em>Andreas Pa\u00dfberger, Kollege aus Bayern<\/em><\/span><\/h2>\n<\/blockquote>\n<p>[\/vc_column_text][\/vc_tta_section][vc_tta_section title=&#8220;Inhaltsbereich&#8220; tab_id=&#8220;1770743680700-3694f1e2-3399&#8243;][vc_column_text css=&#8220;&#8220;]<\/p>\n<blockquote>\n<h2 style=\"text-align: center;\"><span style=\"color: #86bd40;\">\u201eBiggest plus: digibase connect spart Zeit. Endlich mehr Raum f\u00fcr Familie und Betriebsentwicklung.\u201c<\/span><br \/>\n<span style=\"font-size: 16px;\">\u2014<em>Marcus Heide, Kollege aus Sachsen<\/em><\/span><\/h2>\n<\/blockquote>\n<p>[\/vc_column_text][\/vc_tta_section][\/vc_tta_pageable][\/vc_column][vc_column width=&#8220;1\/12&#8243;][\/vc_column][\/vc_row][vc_row][vc_column]<div class=\"ult-spacer spacer-69e085d081076\" data-id=\"69e085d081076\" data-height=\"80\" data-height-mobile=\"30\" data-height-tab=\"30\" data-height-tab-portrait=\"30\" data-height-mobile-landscape=\"30\" style=\"clear:both;display:block;\"><\/div>[\/vc_column][\/vc_row]<\/p>\n<\/div>","protected":false},"excerpt":{"rendered":"<p>[vc_row full_width=&#8220;stretch_row&#8220; equal_height=&#8220;yes&#8220; content_placement=&#8220;middle&#8220; bg_type=&#8220;grad&#8220; min_height=&#8220;700&#8243; bg_grad=&#8220;background: -webkit-gradient(linear, left top, left bottom, color-stop(0%, #FAFAFA), color-stop(100%, #EDEDED));background: -moz-linear-gradient(left,#FAFAFA 0%,#EDEDED 100%);background: -webkit-linear-gradient(left,#FAFAFA 0%,#EDEDED 100%);background: -o-linear-gradient(left,#FAFAFA 0%,#EDEDED 100%);background: -ms-linear-gradient(left,#FAFAFA 0%,#EDEDED 100%);background: linear-gradient(left,#FAFAFA 0%,#EDEDED 100%);&#8220;][vc_column width=&#8220;1\/2&#8243;][vc_custom_heading text=&#8220;Der Turbo f\u00fcr Existenzgr\u00fcnder&#8220; font_container=&#8220;tag:h1|text_align:left&#8220; use_theme_fonts=&#8220;yes&#8220; css=&#8220;&#8220;][vc_column_text css=&#8220;&#8220;]Ein eigener Schornsteinfegerbetrieb? Mutig \u2013 und eine echte Chance. Doch direkt zum Start gilt es, wichtige [&hellip;]<\/p>\n","protected":false},"author":1,"featured_media":0,"parent":963,"menu_order":0,"comment_status":"closed","ping_status":"closed","template":"page.php","meta":{"footnotes":""},"class_list":["post-2081","page","type-page","status-publish","hentry"],"_links":{"self":[{"href":"https:\/\/www.digibase.com\/de\/wp-json\/wp\/v2\/pages\/2081","targetHints":{"allow":["GET"]}}],"collection":[{"href":"https:\/\/www.digibase.com\/de\/wp-json\/wp\/v2\/pages"}],"about":[{"href":"https:\/\/www.digibase.com\/de\/wp-json\/wp\/v2\/types\/page"}],"author":[{"embeddable":true,"href":"https:\/\/www.digibase.com\/de\/wp-json\/wp\/v2\/users\/1"}],"replies":[{"embeddable":true,"href":"https:\/\/www.digibase.com\/de\/wp-json\/wp\/v2\/comments?post=2081"}],"version-history":[{"count":15,"href":"https:\/\/www.digibase.com\/de\/wp-json\/wp\/v2\/pages\/2081\/revisions"}],"predecessor-version":[{"id":2366,"href":"https:\/\/www.digibase.com\/de\/wp-json\/wp\/v2\/pages\/2081\/revisions\/2366"}],"up":[{"embeddable":true,"href":"https:\/\/www.digibase.com\/de\/wp-json\/wp\/v2\/pages\/963"}],"wp:attachment":[{"href":"https:\/\/www.digibase.com\/de\/wp-json\/wp\/v2\/media?parent=2081"}],"curies":[{"name":"wp","href":"https:\/\/api.w.org\/{rel}","templated":true}]}}