{"id":2119,"date":"2026-02-18T12:36:23","date_gmt":"2026-02-18T11:36:23","guid":{"rendered":"https:\/\/www.digibase.com\/?page_id=2119"},"modified":"2026-02-18T16:08:15","modified_gmt":"2026-02-18T15:08:15","slug":"website-positionierung","status":"publish","type":"page","link":"https:\/\/www.digibase.com\/de\/app\/website-positionierung\/","title":{"rendered":"Website &#038; Positionierung"},"content":{"rendered":"<div class=\"wpb-content-wrapper\"><p>[vc_row el_class=&#8220;elevate-on-hover&#8220; css=&#8220;.vc_custom_1732793196674{padding-top: 80px !important;}&#8220;][vc_column width=&#8220;2\/3&#8243;]<div class=\"ult-spacer spacer-69e1badb352f8\" data-id=\"69e1badb352f8\" data-height=\"120\" data-height-mobile=\"60\" data-height-tab=\"60\" data-height-tab-portrait=\"60\" data-height-mobile-landscape=\"60\" style=\"clear:both;display:block;\"><\/div>[vc_custom_heading text=&#8220;Mehr als eine Website: Dein klarer Auftritt f\u00fcr die Zukunft.&#8220; font_container=&#8220;tag:h1|text_align:left&#8220; use_theme_fonts=&#8220;yes&#8220; css=&#8220;&#8220;][vc_column_text css=&#8220;&#8220;]<\/p>\n<div class=\"wpb_text_column wpb_content_element\">\n<div class=\"wpb_wrapper\">\n<p>Die Anforderungen im Geb\u00e4udesektor ver\u00e4ndern sich. Neue Dienstleistungen entstehen, Kunden erwarten mehr Beratung und qualifizierte Fachkr\u00e4fte sind gefragter denn je. Genau hier setzen wir an. Mit Website &amp; Positionierung Plus bauen wir gemeinsam deinen professionellen Au\u00dfenauftritt auf \u2013 ausgerichtet auf deine bestehenden und zuk\u00fcnftigen Leistungen, beispielsweise in den Bereichen Energie, L\u00fcftung oder Effizienz.<\/p>\n<\/div>\n<\/div>\n<p>[\/vc_column_text][vc_column_text css=&#8220;&#8220;]<\/p>\n<div class=\"wpb_text_column wpb_content_element\">\n<div class=\"wpb_wrapper\">\n<p>Wir sorgen daf\u00fcr, dass deine Themen verst\u00e4ndlich kommuniziert werden und dein Betrieb als moderner Spezialist im Geb\u00e4udesektor wahrgenommen wird. Dabei entsteht ein individuelles Konzept, das zu dir, deinem Kehrbezirk und deinen Zielen passt.<\/p>\n<p>Wir gehen weiter als nur bis zur Website: Gemeinsam definieren wir deine klare Botschaft, gestalten einen stimmigen Gesamtauftritt und erstellen auf Wunsch passende Flyer, Anschreiben und Unterlagen f\u00fcr deine Dienstleistungen. F\u00fcr Azubis und Gesellen erarbeiten wir eine klare Story als attraktiver Arbeitgeber. Auf Wunsch unterst\u00fctzen wir dich auch aktiv bei der Mitarbeitergewinnung. Gleichzeitig bereiten wir alles so vor, dass deine Website optimal mit digibase connect zusammenspielt.<\/p>\n<p>So entsteht Schritt f\u00fcr Schritt ein professioneller Au\u00dfenauftritt, der zeigt, wof\u00fcr dein Betrieb heute steht und wohin er sich entwickelt. Vereinbare jetzt ein unverbindliches Beratungsgespr\u00e4ch und wir zeigen dir, wie deine Positionierung konkret aussehen kann.<\/p>\n<\/div>\n<\/div>\n<p>[\/vc_column_text]<div class=\"ult-spacer spacer-69e1badb35322\" data-id=\"69e1badb35322\" data-height=\"30\" data-height-mobile=\"20\" data-height-tab=\"20\" data-height-tab-portrait=\"20\" data-height-mobile-landscape=\"20\" style=\"clear:both;display:block;\"><\/div><div class=\" ubtn-ctn-left \"><a class=\"ubtn-link ult-adjust-bottom-margin ubtn-left ubtn-small \" href=\"https:\/\/www.digibase.com\/de\/beratung\/termin\/\" title=\"Beratung\" ><button type=\"button\" id=\"ubtn-1825\"  class=\"ubtn ult-adjust-bottom-margin ult-responsive ubtn-small ubtn-top-bg  none  ubtn-left   tooltip-69e1badb3534f\"  data-hover=\"__USE_THEME_MAIN_COLOR__\" data-border-color=\"__USE_THEME_MAIN_COLOR__\" data-bg=\"__USE_THEME_MAIN_COLOR__\" data-hover-bg=\"#e4f2d0\" data-border-hover=\"__USE_THEME_MAIN_COLOR__\" data-shadow-hover=\"\" data-shadow-click=\"none\" data-shadow=\"\" data-shd-shadow=\"\"  data-ultimate-target='#ubtn-1825'  data-responsive-json-new='{\"font-size\":\"desktop:24px;\",\"line-height\":\"\"}'  style=\"font-weight:bold;border-radius:15px;border-width:2px;border-color:__USE_THEME_MAIN_COLOR__;border-style:solid;background: __USE_THEME_MAIN_COLOR__;color: #ffffff;\"><span class=\"ubtn-hover\" style=\"background-color:#e4f2d0\"><\/span><span class=\"ubtn-data ubtn-text \" data-btn-animate=\"y\"><span class=\"btn-animate-y\">Beratungstermin buchen<\/span><\/button><\/a><\/div><div class=\"ult-spacer spacer-69e1badb353be\" data-id=\"69e1badb353be\" data-height=\"\" data-height-mobile=\"20\" data-height-tab=\"\" data-height-tab-portrait=\"20\" data-height-mobile-landscape=\"20\" style=\"clear:both;display:block;\"><\/div>[\/vc_column][vc_column width=&#8220;1\/3&#8243;]<div class=\"ult-spacer spacer-69e1badb353d6\" data-id=\"69e1badb353d6\" data-height=\"120\" data-height-mobile=\"0\" data-height-tab=\"0\" data-height-tab-portrait=\"0\" data-height-mobile-landscape=\"0\" style=\"clear:both;display:block;\"><\/div>[vc_column_text css=&#8220;&#8220;]Musterseite auf <a href=\"https:\/\/schlotfeger-online.de\" target=\"_blank\" rel=\"noopener\">www.schlotfeger-online.de<\/a>[\/vc_column_text][vc_media_grid element_width=&#8220;12&#8243; gap=&#8220;10&#8243; item=&#8220;masonryMedia_ScaleWithRotationLight&#8220; css=&#8220;&#8220; grid_id=&#8220;vc_gid:1771427262127-ba48e9fc-bcff-5&#8243; include=&#8220;2124,2130,2129&#8243;][\/vc_column][\/vc_row][vc_row][vc_column width=&#8220;2\/3&#8243;]<div class=\"ult-spacer spacer-69e1badb353ec\" data-id=\"69e1badb353ec\" data-height=\"120\" data-height-mobile=\"30\" data-height-tab=\"30\" data-height-tab-portrait=\"30\" data-height-mobile-landscape=\"30\" style=\"clear:both;display:block;\"><\/div>[vc_custom_heading text=&#8220;Dein Einstieg in einen professionellen Firmenauftritt&#8220; font_container=&#8220;tag:h1|text_align:left&#8220; use_theme_fonts=&#8220;yes&#8220; css=&#8220;&#8220;][vc_column_text css=&#8220;&#8220;]<\/p>\n<div class=\"wpb_text_column wpb_content_element\">\n<div class=\"wpb_wrapper\">\n<p>Ob eigene Domain mit gesch\u00e4ftlicher E-Mail-Adresse oder vollst\u00e4ndige Website mit klarer Positionierung \u2013 hier findest du die passende L\u00f6sung f\u00fcr deinen Betrieb. Transparent kalkuliert und langfristig gedacht.<\/p>\n<\/div>\n<\/div>\n<p>[\/vc_column_text][\/vc_column][vc_column width=&#8220;1\/3&#8243;][\/vc_column][\/vc_row][vc_row css_animation=&#8220;none&#8220; css=&#8220;.vc_custom_1771418628607{margin-right: 2px !important;margin-left: 2px !important;}&#8220;][vc_column width=&#8220;2\/5&#8243; css=&#8220;.vc_custom_1727953448589{margin-top: 50px !important;border-top-width: 2px !important;border-bottom-width: 2px !important;border-left-width: 2px !important;background-color: #f7f7f7 !important;border-left-style: solid !important;border-top-style: solid !important;border-bottom-style: solid !important;border-radius: 20px !important;border-color: #cecece !important;}&#8220;]<div class=\"ult-spacer spacer-69e1badb35406\" data-id=\"69e1badb35406\" data-height=\"20\" data-height-mobile=\"20\" data-height-tab=\"20\" data-height-tab-portrait=\"20\" data-height-mobile-landscape=\"20\" style=\"clear:both;display:block;\"><\/div>[vc_custom_heading text=&#8220;Domain &amp; E-Mail&#8220; font_container=&#8220;tag:h4|text_align:left&#8220; use_theme_fonts=&#8220;yes&#8220; css=&#8220;&#8220;]<div class=\"ult-spacer spacer-69e1badb3541a\" data-id=\"69e1badb3541a\" data-height=\"20\" data-height-mobile=\"20\" data-height-tab=\"20\" data-height-tab-portrait=\"20\" data-height-mobile-landscape=\"20\" style=\"clear:both;display:block;\"><\/div>[vc_custom_heading text=&#8220;Das geh\u00f6rt zu einem professionellen Firmenauftritt.&#8220; font_container=&#8220;tag:h4|text_align:left&#8220; use_theme_fonts=&#8220;yes&#8220; css=&#8220;&#8220;]<div class=\"ult-spacer spacer-69e1badb3542e\" data-id=\"69e1badb3542e\" data-height=\"20\" data-height-mobile=\"20\" data-height-tab=\"20\" data-height-tab-portrait=\"20\" data-height-mobile-landscape=\"20\" style=\"clear:both;display:block;\"><\/div><div class=\"uavc-list-icon uavc-list-icon-wrapper ult-adjust-bottom-margin   \"><ul class=\"uavc-list\"><li><div class=\"uavc-list-content\" id=\"list-icon-wrap-1800\">\n<div class=\"uavc-list-icon  \" data-animation=\"\" data-animation-delay=\"03\" style=\"margin-right:10px;\"><div class=\"ult-just-icon-wrapper  \"><div class=\"align-icon\" style=\"text-align:center;\">\n<div class=\"aio-icon none \"  style=\"color:#333333;font-size:24px;display:inline-block;\">\n\t<i class=\"Defaults-check\"><\/i>\n<\/div><\/div><\/div>\n<\/div><span  data-ultimate-target='#list-icon-wrap-1800 .uavc-list-desc'  data-responsive-json-new='{\"font-size\":\"\",\"line-height\":\"\"}'  class=\"uavc-list-desc ult-responsive\" style=\"\">Eine Domain und bis zu 3 E-Mail-Adressen f\u00fcr den Chef und Mitarbeiter<\/span><\/div><\/li><li><div class=\"uavc-list-content\" id=\"list-icon-wrap-8803\">\n<div class=\"uavc-list-icon  \" data-animation=\"\" data-animation-delay=\"03\" style=\"margin-right:10px;\"><div class=\"ult-just-icon-wrapper  \"><div class=\"align-icon\" style=\"text-align:center;\">\n<div class=\"aio-icon none \"  style=\"color:#333333;font-size:24px;display:inline-block;\">\n\t<i class=\"Defaults-check\"><\/i>\n<\/div><\/div><\/div>\n<\/div><span  data-ultimate-target='#list-icon-wrap-8803 .uavc-list-desc'  data-responsive-json-new='{\"font-size\":\"\",\"line-height\":\"\"}'  class=\"uavc-list-desc ult-responsive\" style=\"\">Weiterleitung auf digibase-Profil oder andere Webpr\u00e4senz<\/span><\/div><\/li><\/ul><\/div><div class=\"ult-spacer spacer-69e1badb355d7\" data-id=\"69e1badb355d7\" data-height=\"20\" data-height-mobile=\"20\" data-height-tab=\"20\" data-height-tab-portrait=\"20\" data-height-mobile-landscape=\"20\" style=\"clear:both;display:block;\"><\/div>[vc_custom_heading text=&#8220;149 \u20ac einmalig \/ 19 \u20ac pro Monat&#8220; font_container=&#8220;tag:h4|text_align:left&#8220; use_theme_fonts=&#8220;yes&#8220; css=&#8220;&#8220;]<div class=\" vc_custom_1733850038721 ubtn-ctn-left \"><a class=\"ubtn-link ult-adjust-bottom-margin ubtn-left ubtn-small \" href=\"\/de\/preise\/bestellung-domain-website\/\" title=\"Bestellung Domain Website\" ><button type=\"button\" id=\"ubtn-2781\"  class=\"ubtn ult-adjust-bottom-margin ult-responsive ubtn-small ubtn-top-bg  none  ubtn-left   tooltip-69e1badb355f2\"  data-hover=\"\" data-border-color=\"#000000\" data-bg=\"#ffffff\" data-hover-bg=\"\" data-border-hover=\"#000000\" data-shadow-hover=\"\" data-shadow-click=\"none\" data-shadow=\"\" data-shd-shadow=\"\"  data-ultimate-target='#ubtn-2781'  data-responsive-json-new='{\"font-size\":\"desktop:24px;\",\"line-height\":\"\"}'  style=\"font-weight:bold;border-radius:15px;border-width:2px;border-color:#000000;border-style:solid;background: #ffffff;color: #000000;\"><span class=\"ubtn-hover\" style=\"background-color:\"><\/span><span class=\"ubtn-data ubtn-text \" data-btn-animate=\"y\"><span class=\"btn-animate-y\">Kaufen<\/span><\/button><\/a><\/div><div class=\"ult-spacer spacer-69e1badb3561e\" data-id=\"69e1badb3561e\" data-height=\"20\" data-height-mobile=\"20\" data-height-tab=\"20\" data-height-tab-portrait=\"20\" data-height-mobile-landscape=\"20\" style=\"clear:both;display:block;\"><\/div>[\/vc_column][vc_column width=&#8220;3\/5&#8243; css=&#8220;.vc_custom_1728120545558{border-top-width: 3px !important;border-right-width: 3px !important;border-bottom-width: 3px !important;border-left-width: 3px !important;background-color: #3d3d3d !important;border-left-style: solid !important;border-right-style: solid !important;border-top-style: solid !important;border-bottom-style: solid !important;border-radius: 20px !important;border-color: #000000 !important;}&#8220;]<div class=\"ult-spacer spacer-69e1badb35631\" data-id=\"69e1badb35631\" data-height=\"20\" data-height-mobile=\"20\" data-height-tab=\"20\" data-height-tab-portrait=\"20\" data-height-mobile-landscape=\"20\" style=\"clear:both;display:block;\"><\/div>[vc_custom_heading text=&#8220;Website &amp; Positionierung Plus&#8220; font_container=&#8220;tag:h4|text_align:left|color:%23ffffff&#8220; use_theme_fonts=&#8220;yes&#8220; css=&#8220;&#8220;]<div class=\"ult-spacer spacer-69e1badb35643\" data-id=\"69e1badb35643\" data-height=\"20\" data-height-mobile=\"20\" data-height-tab=\"20\" data-height-tab-portrait=\"20\" data-height-mobile-landscape=\"20\" style=\"clear:both;display:block;\"><\/div>[vc_custom_heading text=&#8220;Zeige deinen Kunden, was du alles zu bieten hast!&#8220; font_container=&#8220;tag:h4|text_align:left|color:%23ffffff&#8220; use_theme_fonts=&#8220;yes&#8220; css=&#8220;&#8220;]<div class=\"ult-spacer spacer-69e1badb35656\" data-id=\"69e1badb35656\" data-height=\"20\" data-height-mobile=\"20\" data-height-tab=\"20\" data-height-tab-portrait=\"20\" data-height-mobile-landscape=\"20\" style=\"clear:both;display:block;\"><\/div><div class=\"uavc-list-icon uavc-list-icon-wrapper ult-adjust-bottom-margin   \"><ul class=\"uavc-list\"><li><div class=\"uavc-list-content\" id=\"list-icon-wrap-3466\">\n<div class=\"uavc-list-icon  \" data-animation=\"\" data-animation-delay=\"03\" style=\"margin-right:10px;\"><div class=\"ult-just-icon-wrapper  \"><div class=\"align-icon\" style=\"text-align:center;\">\n<div class=\"aio-icon none \"  style=\"color:#ffffff;font-size:24px;display:inline-block;\">\n\t<i class=\"Defaults-check\"><\/i>\n<\/div><\/div><\/div>\n<\/div><span  data-ultimate-target='#list-icon-wrap-3466 .uavc-list-desc'  data-responsive-json-new='{\"font-size\":\"\",\"line-height\":\"\"}'  class=\"uavc-list-desc ult-responsive\" style=\"color:#ffffff;\">Bis zu 3 Domains und 5 E-Mail-Adressen f\u00fcr Dich, Deine Mitarbeiter und den digitalen Rechnungseingang<\/span><\/div><\/li><li><div class=\"uavc-list-content\" id=\"list-icon-wrap-7444\">\n<div class=\"uavc-list-icon  \" data-animation=\"\" data-animation-delay=\"03\" style=\"margin-right:10px;\"><div class=\"ult-just-icon-wrapper  \"><div class=\"align-icon\" style=\"text-align:center;\">\n<div class=\"aio-icon none \"  style=\"color:#ffffff;font-size:24px;display:inline-block;\">\n\t<i class=\"Defaults-check\"><\/i>\n<\/div><\/div><\/div>\n<\/div><span  data-ultimate-target='#list-icon-wrap-7444 .uavc-list-desc'  data-responsive-json-new='{\"font-size\":\"\",\"line-height\":\"\"}'  class=\"uavc-list-desc ult-responsive\" style=\"color:#ffffff;\">Vielseitige Vorlagen f\u00fcr zus\u00e4tzliche Dienstleistungen<\/span><\/div><\/li><li><div class=\"uavc-list-content\" id=\"list-icon-wrap-7712\">\n<div class=\"uavc-list-icon  \" data-animation=\"\" data-animation-delay=\"03\" style=\"margin-right:10px;\"><div class=\"ult-just-icon-wrapper  \"><div class=\"align-icon\" style=\"text-align:center;\">\n<div class=\"aio-icon none \"  style=\"color:#ffffff;font-size:24px;display:inline-block;\">\n\t<i class=\"Defaults-check\"><\/i>\n<\/div><\/div><\/div>\n<\/div><span  data-ultimate-target='#list-icon-wrap-7712 .uavc-list-desc'  data-responsive-json-new='{\"font-size\":\"\",\"line-height\":\"\"}'  class=\"uavc-list-desc ult-responsive\" style=\"color:#ffffff;\">Positionierung als Umwelt-Spezialist im Geb\u00e4udesektor<\/span><\/div><\/li><\/ul><\/div><span id=\"creative-link-wrap-4191\" class=\"ult_main_cl ult-adjust-bottom-margin  \" >\n\t \t\t\t<span class=\"  ult_crlink\" >\n\t\t\t\t\t<a data-ultimate-target=\"#creative-link-wrap-4191 .ult_colorlink\" data-responsive-json-new=\"{&quot;font-size&quot;:&quot;&quot;,&quot;line-height&quot;:&quot;&quot;}\" href=\"https:\/\/schlotfeger-online.de\" class=\"ult_colorlink ult-responsive \" style=\"float:left;font-weight:normal; \" data-textcolor=\"#ffffff\" data-texthover=\"#efefef\" data-style=\"\" target=\"_blank\" rel=\"noopener\">\n\t\t\t\t\t\t\n\t\t\t\t\t\t<span data-hover=\"Schornsteinfeger Musterseite &gt;\" style=\"color:#ffffff;;;\" class=\"ult_btn10_span   \">Schornsteinfeger Musterseite &gt;<\/span>\n\t\t\t\t\t\t\n\t\t\t\t\t<\/a>\n\t\t\t\t<\/span>\n\t\t\t<\/span><div class=\"ult-spacer spacer-69e1badb35799\" data-id=\"69e1badb35799\" data-height=\"20\" data-height-mobile=\"20\" data-height-tab=\"20\" data-height-tab-portrait=\"20\" data-height-mobile-landscape=\"20\" style=\"clear:both;display:block;\"><\/div>[vc_custom_heading text=&#8220;2.490 \u20ac; 69 \u20ac pro Monat.&#8220; font_container=&#8220;tag:h4|text_align:left|color:%23ffffff&#8220; use_theme_fonts=&#8220;yes&#8220; css=&#8220;&#8220;][vc_custom_heading text=&#8220;Auf Basis einer Beratung erstellen wir eine individuelle Projektbeschreibung und senden Dir ein passendes Angebot zu.&#8220; font_container=&#8220;tag:p|text_align:left|color:%23ffffff&#8220; use_theme_fonts=&#8220;yes&#8220; css=&#8220;&#8220;]<div class=\" vc_custom_1733850081533 ubtn-ctn-left \"><a class=\"ubtn-link ult-adjust-bottom-margin ubtn-left ubtn-small \" href=\"\/de\/beratung\/termin\/\" title=\"Termin\" ><button type=\"button\" id=\"ubtn-1445\"  class=\"ubtn ult-adjust-bottom-margin ult-responsive ubtn-small ubtn-top-bg  none  ubtn-left   tooltip-69e1badb357b2\"  data-hover=\"\" data-border-color=\"#000000\" data-bg=\"#ffffff\" data-hover-bg=\"\" data-border-hover=\"#000000\" data-shadow-hover=\"\" data-shadow-click=\"none\" data-shadow=\"\" data-shd-shadow=\"\"  data-ultimate-target='#ubtn-1445'  data-responsive-json-new='{\"font-size\":\"desktop:24px;\",\"line-height\":\"\"}'  style=\"font-weight:bold;border-radius:15px;border-width:2px;border-color:#000000;border-style:solid;background: #ffffff;color: #000000;\"><span class=\"ubtn-hover\" style=\"background-color:\"><\/span><span class=\"ubtn-data ubtn-text \" data-btn-animate=\"y\"><span class=\"btn-animate-y\">Beratung anfordern<\/span><\/button><\/a><\/div><div class=\"ult-spacer spacer-69e1badb357d7\" data-id=\"69e1badb357d7\" data-height=\"20\" data-height-mobile=\"20\" data-height-tab=\"20\" data-height-tab-portrait=\"20\" data-height-mobile-landscape=\"20\" style=\"clear:both;display:block;\"><\/div>[\/vc_column][\/vc_row][vc_row][vc_column]<div class=\"ult-spacer spacer-69e1badb357f2\" data-id=\"69e1badb357f2\" data-height=\"80\" data-height-mobile=\"30\" data-height-tab=\"30\" data-height-tab-portrait=\"30\" data-height-mobile-landscape=\"30\" style=\"clear:both;display:block;\"><\/div>[\/vc_column][\/vc_row]<\/p>\n<\/div>","protected":false},"excerpt":{"rendered":"<p>[vc_row el_class=&#8220;elevate-on-hover&#8220; css=&#8220;.vc_custom_1732793196674{padding-top: 80px !important;}&#8220;][vc_column width=&#8220;2\/3&#8243;][vc_custom_heading text=&#8220;Mehr als eine Website: Dein klarer Auftritt f\u00fcr die Zukunft.&#8220; font_container=&#8220;tag:h1|text_align:left&#8220; use_theme_fonts=&#8220;yes&#8220; css=&#8220;&#8220;][vc_column_text css=&#8220;&#8220;] Die Anforderungen im Geb\u00e4udesektor ver\u00e4ndern sich. Neue Dienstleistungen entstehen, Kunden erwarten mehr Beratung und qualifizierte Fachkr\u00e4fte sind gefragter denn je. Genau hier setzen wir an. Mit Website &amp; Positionierung Plus bauen wir gemeinsam deinen professionellen [&hellip;]<\/p>\n","protected":false},"author":1,"featured_media":0,"parent":132,"menu_order":0,"comment_status":"closed","ping_status":"closed","template":"page.php","meta":{"footnotes":""},"class_list":["post-2119","page","type-page","status-publish","hentry"],"_links":{"self":[{"href":"https:\/\/www.digibase.com\/de\/wp-json\/wp\/v2\/pages\/2119","targetHints":{"allow":["GET"]}}],"collection":[{"href":"https:\/\/www.digibase.com\/de\/wp-json\/wp\/v2\/pages"}],"about":[{"href":"https:\/\/www.digibase.com\/de\/wp-json\/wp\/v2\/types\/page"}],"author":[{"embeddable":true,"href":"https:\/\/www.digibase.com\/de\/wp-json\/wp\/v2\/users\/1"}],"replies":[{"embeddable":true,"href":"https:\/\/www.digibase.com\/de\/wp-json\/wp\/v2\/comments?post=2119"}],"version-history":[{"count":25,"href":"https:\/\/www.digibase.com\/de\/wp-json\/wp\/v2\/pages\/2119\/revisions"}],"predecessor-version":[{"id":2154,"href":"https:\/\/www.digibase.com\/de\/wp-json\/wp\/v2\/pages\/2119\/revisions\/2154"}],"up":[{"embeddable":true,"href":"https:\/\/www.digibase.com\/de\/wp-json\/wp\/v2\/pages\/132"}],"wp:attachment":[{"href":"https:\/\/www.digibase.com\/de\/wp-json\/wp\/v2\/media?parent=2119"}],"curies":[{"name":"wp","href":"https:\/\/api.w.org\/{rel}","templated":true}]}}