{"id":2165,"date":"2026-03-14T11:47:11","date_gmt":"2026-03-14T10:47:11","guid":{"rendered":"https:\/\/www.digibase.com\/?page_id=2165"},"modified":"2026-03-14T13:03:35","modified_gmt":"2026-03-14T12:03:35","slug":"rettungsbonus","status":"publish","type":"page","link":"https:\/\/www.digibase.com\/de\/page\/rettungsbonus\/","title":{"rendered":"rettungsbonus"},"content":{"rendered":"<div class=\"wpb-content-wrapper\"><p>[vc_row el_class=&#8220;elevate-on-hover&#8220;][vc_column width=&#8220;1\/2&#8243;]<div class=\"ult-spacer spacer-69f4bb9dc16f1\" data-id=\"69f4bb9dc16f1\" data-height=\"140\" data-height-mobile=\"50\" data-height-tab=\"50\" data-height-tab-portrait=\"50\" data-height-mobile-landscape=\"50\" style=\"clear:both;display:block;\"><\/div>[vc_custom_heading text=&#8220;Schornsteinfeger-Notruf&#8220; font_container=&#8220;tag:h1|text_align:left|color:%23dd3333&#8243; use_theme_fonts=&#8220;yes&#8220; css=&#8220;&#8220;][vc_column_text css=&#8220;&#8220;]Bei dir wurde chronische Verwaltungs\u00fcberlastung diagnostiziert? Dann haben wir die ultimative Therapie f\u00fcr dich. Steige jetzt um auf unsere innovative Verwaltungssoftware <strong><a href=\"https:\/\/www.digibase.com\/de\/app\/digibase-connect\/\">digibase connect<\/a> <\/strong>und spare bis zu zwei Cheftage im B\u00fcro &#8211; pro Woche![\/vc_column_text][vc_column_text css=&#8220;&#8220;]\u00dcberzeuge dich selbst von den Vorteilen: <strong><a href=\"https:\/\/www.digibase.com\/de\/beratung\/\">Vereinbare noch heute ein Beratungsgespr\u00e4ch<\/a><\/strong> mit unserem Team. Wir zeigen dir, wie digibase connect deine Abl\u00e4ufe optimiert und dir wertvolle Zeit spart.[\/vc_column_text]<div class=\"ult-spacer spacer-69f4bb9dc171f\" data-id=\"69f4bb9dc171f\" data-height=\"\" data-height-mobile=\"30\" data-height-tab=\"\" data-height-tab-portrait=\"30\" data-height-mobile-landscape=\"30\" style=\"clear:both;display:block;\"><\/div><span id=\"creative-link-wrap-5804\" class=\"ult_main_cl ult-adjust-bottom-margin  \" >\n\t \t\t\t<span class=\"ult_cl_link_6  ult_crlink\" >\n\t\t\t\t\t<a  data-ultimate-target='#creative-link-wrap-5804 .ult_colorlink'  data-responsive-json-new='{\"font-size\":\"\",\"line-height\":\"\"}'  href=\"https:\/\/www.digibase.com\/de\/beratung\/\" title=\"Beratung\"  class=\"ult_colorlink ult-responsive \" style=\"float:left;font-weight:normal;color:#333333; \"  data-textcolor=\"#86bd40\" data-texthover=\"#333333\"data-style=\"Style_6\">\n\t\t\t\t\t\t\n\t\t\t\t\t\t<span data-hover=\"Beratungstermin vereinbaren\" style=\"color:#86bd40;;;\" class=\"ult_btn10_span   \">Beratungstermin vereinbaren<\/span>\n\t\t\t\t\t\t<span class=\"ult_btn6_link_top \" data-color=\"#333333\">\u2022<\/span>\n\t\t\t\t\t<\/a>\n\t\t\t\t<\/span>\n\t\t\t<\/span><div class=\"ult-spacer spacer-69f4bb9dc17a8\" data-id=\"69f4bb9dc17a8\" data-height=\"\" data-height-mobile=\"30\" data-height-tab=\"\" data-height-tab-portrait=\"30\" data-height-mobile-landscape=\"30\" style=\"clear:both;display:block;\"><\/div>[\/vc_column][vc_column width=&#8220;1\/2&#8243;]<div class=\"ult-spacer spacer-69f4bb9dc17c0\" data-id=\"69f4bb9dc17c0\" data-height=\"140\" data-height-mobile=\"50\" data-height-tab=\"50\" data-height-tab-portrait=\"50\" data-height-mobile-landscape=\"50\" style=\"clear:both;display:block;\"><\/div>[vc_raw_html css=&#8220;&#8220;]JTNDZGl2JTIwZGF0YS1mYy1rZXklM0QlMjIwYzZkODQ3MSUyMiUyMHN0eWxlJTNEJTIybWF4LXdpZHRoJTNBNjAwcHglM0JoZWlnaHQlM0E3MjguNzdweCUzQm1hcmdpbiUzQTAlMjBhdXRvJTIyJTNFJTNDJTJGZGl2JTNFJTNDc2NyaXB0JTIwc3JjJTNEJTIyaHR0cHMlM0ElMkYlMkZhcHAuZm9ybWNyYWZ0cy5jb20lMkZlbWJlZC5qcyUyMiUzRSUzQyUyRnNjcmlwdCUzRQ==[\/vc_raw_html]<div class=\"ult-spacer spacer-69f4bb9dc17d5\" data-id=\"69f4bb9dc17d5\" data-height=\"150\" data-height-mobile=\"40\" data-height-tab=\"40\" data-height-tab-portrait=\"40\" data-height-mobile-landscape=\"40\" style=\"clear:both;display:block;\"><\/div>[\/vc_column][\/vc_row][vc_row full_width=&#8220;stretch_row&#8220; equal_height=&#8220;yes&#8220; content_placement=&#8220;middle&#8220; bg_type=&#8220;grad&#8220; min_height=&#8220;700&#8243; bg_grad=&#8220;background: -webkit-gradient(linear, left top, left bottom, color-stop(0%, #FAFAFA), color-stop(100%, #EDEDED));background: -moz-linear-gradient(left,#FAFAFA 0%,#EDEDED 100%);background: -webkit-linear-gradient(left,#FAFAFA 0%,#EDEDED 100%);background: -o-linear-gradient(left,#FAFAFA 0%,#EDEDED 100%);background: -ms-linear-gradient(left,#FAFAFA 0%,#EDEDED 100%);background: linear-gradient(left,#FAFAFA 0%,#EDEDED 100%);&#8220;][vc_column width=&#8220;1\/12&#8243;][\/vc_column][vc_column width=&#8220;5\/6&#8243;]<div class=\"ult-spacer spacer-69f4bb9dc17ee\" data-id=\"69f4bb9dc17ee\" data-height=\"60\" data-height-mobile=\"50\" data-height-tab=\"50\" data-height-tab-portrait=\"50\" data-height-mobile-landscape=\"50\" style=\"clear:both;display:block;\"><\/div>[vc_custom_heading text=&#8220;Und das sagen deine Kollegen:&#8220; font_container=&#8220;tag:h2|text_align:center&#8220; css=&#8220;&#8220;][vc_tta_pageable no_fill_content_area=&#8220;true&#8220; autoplay=&#8220;5&#8243; active_section=&#8220;1&#8243; pagination_style=&#8220;flat-rounded&#8220; pagination_color=&#8220;black&#8220;][vc_tta_section tab_id=&#8220;1770109397204-a94042d1-34cff8c7-372e&#8220;][vc_column_text css=&#8220;&#8220;]<\/p>\n<blockquote>\n<h2 style=\"text-align: center;\"><span style=\"color: #86bd40;\">\u201eIch erwische mich manchmal dabei, wie ich beim Nutzen der Software einfach grinse \u2013 weil sie endlich mal mitdenkt.\u201c<\/span><br \/>\n<span style=\"font-size: 16px;\">\u2014<\/span><em style=\"font-size: 16px;\">Jan Krawczyk-Andreas, Kollege aus NRW<\/em><\/h2>\n<\/blockquote>\n<p>[\/vc_column_text][\/vc_tta_section][vc_tta_section title=&#8220;Inhaltsbereich 2&#8243; tab_id=&#8220;1770109397211-c736d2f3-1547f8c7-372e&#8220;][vc_column_text css=&#8220;&#8220;]<\/p>\n<blockquote>\n<h2 style=\"text-align: center;\"><span style=\"color: #86bd40;\">\u201econnect begeistert: gro\u00dfartiger Support, echte Freude am Arbeiten.\u201c<\/span><br \/>\n<span style=\"font-size: 16px;\">\u2014<em>Lars Kohut, Kollege aus NRW<\/em><\/span><\/h2>\n<\/blockquote>\n<p>[\/vc_column_text][\/vc_tta_section][vc_tta_section title=&#8220;Inhaltsbereich&#8220; tab_id=&#8220;1770111194110-c033920b-ab96f8c7-372e&#8220;][vc_column_text css=&#8220;&#8220;]<\/p>\n<blockquote>\n<h2 style=\"text-align: center;\"><span style=\"color: #86bd40;\">\u201econnect fegt keine Kamine, aber alles andere l\u00e4uft von alleine!\u201c<\/span><br \/>\n<span style=\"font-size: 16px;\">\u2014<em>Christoph Seidel, Kollege aus BaW\u00fc<\/em><\/span><\/h2>\n<\/blockquote>\n<p>[\/vc_column_text][\/vc_tta_section][vc_tta_section title=&#8220;Inhaltsbereich&#8220; tab_id=&#8220;1770111255227-7b18c326-ec42f8c7-372e&#8220;][vc_column_text css=&#8220;&#8220;]<\/p>\n<blockquote>\n<h2 style=\"text-align: center;\"><span style=\"color: #86bd40;\">\u201eDer Wechsel zu connect war einer der besten Schritte, die ich in den letzten Jahren gewagt habe.\u201c<\/span><br \/>\n<span style=\"font-size: 16px;\">\u2014<em>Dirk M\u00f6rs-Sauskojus, Kollege aus NRW<\/em><\/span><\/h2>\n<\/blockquote>\n<p>[\/vc_column_text][\/vc_tta_section][vc_tta_section title=&#8220;Inhaltsbereich&#8220; tab_id=&#8220;1770111254362-a24dbe0b-a186f8c7-372e&#8220;][vc_column_text css=&#8220;&#8220;]<\/p>\n<blockquote>\n<h2 style=\"text-align: center;\"><span style=\"color: #86bd40;\">\u201eIch finde connect ph\u00e4nomenal, meine Frau sagt, ich bin seit dem Wechsel zu Euch ein neuer Mensch.\u201c<\/span><br \/>\n<span style=\"font-size: 16px;\">\u2014<em>Andreas Pa\u00dfberger, Kollege aus Bayern<\/em><\/span><\/h2>\n<\/blockquote>\n<p>[\/vc_column_text][\/vc_tta_section][vc_tta_section title=&#8220;Inhaltsbereich&#8220; tab_id=&#8220;1770111252626-2bd8e87a-c41af8c7-372e&#8220;][vc_column_text css=&#8220;&#8220;]<\/p>\n<blockquote>\n<h2 style=\"text-align: center;\"><span style=\"color: #86bd40;\">\u201eBiggest plus: digibase connect spart Zeit. Endlich mehr Raum f\u00fcr Familie und Betriebsentwicklung.\u201c<\/span><br \/>\n<span style=\"font-size: 16px;\">\u2014<em>Marcus Heide, Kollege aus Sachsen<\/em><\/span><\/h2>\n<\/blockquote>\n<p>[\/vc_column_text][\/vc_tta_section][\/vc_tta_pageable][\/vc_column][vc_column width=&#8220;1\/12&#8243;][\/vc_column][\/vc_row]<\/p>\n<\/div>","protected":false},"excerpt":{"rendered":"<p>[vc_row el_class=&#8220;elevate-on-hover&#8220;][vc_column width=&#8220;1\/2&#8243;][vc_custom_heading text=&#8220;Schornsteinfeger-Notruf&#8220; font_container=&#8220;tag:h1|text_align:left|color:%23dd3333&#8243; use_theme_fonts=&#8220;yes&#8220; css=&#8220;&#8220;][vc_column_text css=&#8220;&#8220;]Bei dir wurde chronische Verwaltungs\u00fcberlastung diagnostiziert? Dann haben wir die ultimative Therapie f\u00fcr dich. Steige jetzt um auf unsere innovative Verwaltungssoftware digibase connect und spare bis zu zwei Cheftage im B\u00fcro &#8211; pro Woche![\/vc_column_text][vc_column_text css=&#8220;&#8220;]\u00dcberzeuge dich selbst von den Vorteilen: Vereinbare noch heute ein Beratungsgespr\u00e4ch mit unserem Team. [&hellip;]<\/p>\n","protected":false},"author":1,"featured_media":0,"parent":963,"menu_order":0,"comment_status":"closed","ping_status":"closed","template":"page.php","meta":{"footnotes":""},"class_list":["post-2165","page","type-page","status-publish","hentry"],"_links":{"self":[{"href":"https:\/\/www.digibase.com\/de\/wp-json\/wp\/v2\/pages\/2165","targetHints":{"allow":["GET"]}}],"collection":[{"href":"https:\/\/www.digibase.com\/de\/wp-json\/wp\/v2\/pages"}],"about":[{"href":"https:\/\/www.digibase.com\/de\/wp-json\/wp\/v2\/types\/page"}],"author":[{"embeddable":true,"href":"https:\/\/www.digibase.com\/de\/wp-json\/wp\/v2\/users\/1"}],"replies":[{"embeddable":true,"href":"https:\/\/www.digibase.com\/de\/wp-json\/wp\/v2\/comments?post=2165"}],"version-history":[{"count":14,"href":"https:\/\/www.digibase.com\/de\/wp-json\/wp\/v2\/pages\/2165\/revisions"}],"predecessor-version":[{"id":2179,"href":"https:\/\/www.digibase.com\/de\/wp-json\/wp\/v2\/pages\/2165\/revisions\/2179"}],"up":[{"embeddable":true,"href":"https:\/\/www.digibase.com\/de\/wp-json\/wp\/v2\/pages\/963"}],"wp:attachment":[{"href":"https:\/\/www.digibase.com\/de\/wp-json\/wp\/v2\/media?parent=2165"}],"curies":[{"name":"wp","href":"https:\/\/api.w.org\/{rel}","templated":true}]}}