{"id":2307,"date":"2026-03-23T20:55:20","date_gmt":"2026-03-23T19:55:20","guid":{"rendered":"https:\/\/www.digibase.com\/?page_id=2307"},"modified":"2026-03-26T17:59:36","modified_gmt":"2026-03-26T16:59:36","slug":"visitenkarten-empfehlung","status":"publish","type":"page","link":"https:\/\/www.digibase.com\/de\/page\/visitenkarten-empfehlung\/","title":{"rendered":"Visitenkarten Empfehlung anfordern"},"content":{"rendered":"<div class=\"wpb-content-wrapper\"><p>[vc_row][vc_column width=&#8220;1\/2&#8243;]<div class=\"ult-spacer spacer-69f461744cd81\" data-id=\"69f461744cd81\" data-height=\"140\" data-height-mobile=\"30\" data-height-tab=\"30\" data-height-tab-portrait=\"30\" data-height-mobile-landscape=\"30\" style=\"clear:both;display:block;\"><\/div>[vc_column_text css=&#8220;&#8220;]<\/p>\n<h2 style=\"text-align: left;\"><strong>digibase connect weiterempfehlen \u2013 mit unseren neuen Visitenkarten<\/strong><\/h2>\n<p>[\/vc_column_text]<div class=\"ult-spacer spacer-69f461744cdaa\" data-id=\"69f461744cdaa\" data-height=\"30\" data-height-mobile=\"30\" data-height-tab=\"30\" data-height-tab-portrait=\"30\" data-height-mobile-landscape=\"30\" style=\"clear:both;display:block;\"><\/div>[vc_column_text css=&#8220;&#8220;]Mit unseren personalisierten Visitenkarten geht das jetzt ganz einfach. Du gibst die Karte weiter \u2013 und dein Kollege entscheidet selbst, ob er sich bei uns meldet.<\/p>\n<p>F\u00fcr deinen Kollegen gibt\u2019s 500 \u20ac Rabatt auf die Datenanalyse (490 \u20ac statt 990 \u20ac). Und wenn daraus ein neuer digibase connect Kunde wird, zahlst du\u00a03 Monate keine Grundgeb\u00fchr f\u00fcr digibase connect. F\u00fcr jede weitere erfolgreiche Empfehlung kommen weitere 3\u00a0Monate dazu.[\/vc_column_text][\/vc_column][vc_column width=&#8220;1\/2&#8243;]<div class=\"ult-spacer spacer-69f461744cdc3\" data-id=\"69f461744cdc3\" data-height=\"120\" data-height-mobile=\"30\" data-height-tab=\"30\" data-height-tab-portrait=\"30\" data-height-mobile-landscape=\"30\" style=\"clear:both;display:block;\"><\/div>[vc_raw_html css=&#8220;&#8220;]JTNDZGl2JTIwZGF0YS1mYy1rZXklM0QlMjJhOTM0NWNiNiUyMiUyMHN0eWxlJTNEJTIybWF4LXdpZHRoJTNBNjAwcHglM0JoZWlnaHQlM0E1NjAuNzdweCUzQm1hcmdpbiUzQTAlMjBhdXRvJTIyJTNFJTNDJTJGZGl2JTNFJTNDc2NyaXB0JTIwc3JjJTNEJTIyaHR0cHMlM0ElMkYlMkZhcHAuZm9ybWNyYWZ0cy5jb20lMkZlbWJlZC5qcyUyMiUzRSUzQyUyRnNjcmlwdCUzRQ==[\/vc_raw_html]<div class=\"ult-spacer spacer-69f461744cdd9\" data-id=\"69f461744cdd9\" data-height=\"150\" data-height-mobile=\"40\" data-height-tab=\"40\" data-height-tab-portrait=\"40\" data-height-mobile-landscape=\"40\" style=\"clear:both;display:block;\"><\/div>[\/vc_column][\/vc_row][vc_row][vc_column]<div class=\"ult-spacer spacer-69f461744cded\" data-id=\"69f461744cded\" data-height=\"50\" data-height-mobile=\"30\" data-height-tab=\"30\" data-height-tab-portrait=\"30\" data-height-mobile-landscape=\"30\" style=\"clear:both;display:block;\"><\/div>[\/vc_column][vc_column width=&#8220;1\/2&#8243;]<div id=\"ult-carousel-59124077069f461744cea0\" class=\"ult-carousel-wrapper   ult_horizontal\" data-gutter=\"15\" data-rtl=\"false\" ><div class=\"ult-carousel-399288788369f461744ce38 \" >[vc_single_image image=&#8220;2353&#8243; img_size=&#8220;large&#8220; css=&#8220;&#8220;][vc_single_image image=&#8220;2356&#8243; img_size=&#8220;large&#8220; css=&#8220;&#8220;]<\/div><\/div>\t\t\t<script type=\"text\/javascript\">\n\t\t\t\tjQuery(document).ready(function ($) {\n\t\t\t\t\tif( typeof jQuery('.ult-carousel-399288788369f461744ce38').slick == \"function\"){\n\t\t\t\t\t\t$('.ult-carousel-399288788369f461744ce38').slick({dots: false,autoplay: true,autoplaySpeed: \"5000\",speed: \"300\",infinite: true,arrows: true,nextArrow: '<button type=\"button\" role=\"button\" aria-label=\"Next\" style=\"color:#333333; font-size:36px;\" class=\"slick-next default\"><i class=\"ultsl-arrow-right3\"><\/i><\/button>',prevArrow: '<button type=\"button\" role=\"button\" aria-label=\"Previous\" style=\"color:#333333; font-size:36px;\" class=\"slick-prev default\"><i class=\"ultsl-arrow-left3\"><\/i><\/button>',slidesToScroll:1,slidesToShow:1,swipe: true,draggable: true,touchMove: true,pauseOnHover: true,pauseOnFocus: false,responsive: [\n\t\t\t\t\t\t\t{\n\t\t\t\t\t\t\t  breakpoint: 1026,\n\t\t\t\t\t\t\t  settings: {\n\t\t\t\t\t\t\t\tslidesToShow: 1,\n\t\t\t\t\t\t\t\tslidesToScroll: 1,  \n\t\t\t\t\t\t\t  }\n\t\t\t\t\t\t\t},\n\t\t\t\t\t\t\t{\n\t\t\t\t\t\t\t  breakpoint: 1025,\n\t\t\t\t\t\t\t  settings: {\n\t\t\t\t\t\t\t\tslidesToShow: 1,\n\t\t\t\t\t\t\t\tslidesToScroll: 1\n\t\t\t\t\t\t\t  }\n\t\t\t\t\t\t\t},\n\t\t\t\t\t\t\t{\n\t\t\t\t\t\t\t  breakpoint: 760,\n\t\t\t\t\t\t\t  settings: {\n\t\t\t\t\t\t\t\tslidesToShow: 1,\n\t\t\t\t\t\t\t\tslidesToScroll: 1\n\t\t\t\t\t\t\t  }\n\t\t\t\t\t\t\t}\n\t\t\t\t\t\t],pauseOnDotsHover: true,customPaging: function(slider, i) {\n                   return '<i type=\"button\" style= \"color:#333333;\" class=\"ultsl-record\" data-role=\"none\"><\/i>';\n                },});\n\t\t\t\t\t}\n\t\t\t\t});\n\t\t\t<\/script>\n\t\t\t[\/vc_column][vc_column width=&#8220;1\/2&#8243;][vc_column_text css=&#8220;&#8220;]<\/p>\n<h3>Schornsteinfeger-Notruf \u2013 Rettungsbonus<\/h3>\n<p>Auf der Innungsversammlung, beim Kreisgruppentreffen oder zwischen T\u00fcr und Angel beschwert sich wieder ein Kollege \u00fcber zu viel B\u00fcro, liegengebliebene Bauabnahmen oder endlose Feuerst\u00e4ttenschauen?<\/p>\n<p>Genau daf\u00fcr ist diese Karte gemacht. Der \u201eSchornsteinfeger-Notruf\u201c greift den Frust mit Humor auf und bringt die L\u00f6sung direkt mit: digibase connect \u2013 plus 500\u00a0\u20ac\u00a0Rabatt auf die Datenanalyse beim Umstieg.[\/vc_column_text][\/vc_column][\/vc_row][vc_row][vc_column]<div class=\"ult-spacer spacer-69f461744ced6\" data-id=\"69f461744ced6\" data-height=\"60\" data-height-mobile=\"30\" data-height-tab=\"30\" data-height-tab-portrait=\"30\" data-height-mobile-landscape=\"30\" style=\"clear:both;display:block;\"><\/div>[\/vc_column][vc_column width=&#8220;1\/2&#8243;]<div id=\"ult-carousel-293385841269f461744cf30\" class=\"ult-carousel-wrapper   ult_horizontal\" data-gutter=\"15\" data-rtl=\"false\" ><div class=\"ult-carousel-12449790669f461744cf10 \" >[vc_single_image image=&#8220;2355&#8243; img_size=&#8220;large&#8220; css=&#8220;&#8220;][vc_single_image image=&#8220;2354&#8243; img_size=&#8220;large&#8220; css=&#8220;&#8220;]<\/div><\/div>\t\t\t<script type=\"text\/javascript\">\n\t\t\t\tjQuery(document).ready(function ($) {\n\t\t\t\t\tif( typeof jQuery('.ult-carousel-12449790669f461744cf10').slick == \"function\"){\n\t\t\t\t\t\t$('.ult-carousel-12449790669f461744cf10').slick({dots: false,autoplay: true,autoplaySpeed: \"5500\",speed: \"300\",infinite: true,arrows: true,nextArrow: '<button type=\"button\" role=\"button\" aria-label=\"Next\" style=\"color:#333333; font-size:36px;\" class=\"slick-next default\"><i class=\"ultsl-arrow-right3\"><\/i><\/button>',prevArrow: '<button type=\"button\" role=\"button\" aria-label=\"Previous\" style=\"color:#333333; font-size:36px;\" class=\"slick-prev default\"><i class=\"ultsl-arrow-left3\"><\/i><\/button>',slidesToScroll:1,slidesToShow:1,swipe: true,draggable: true,touchMove: true,pauseOnHover: true,pauseOnFocus: false,responsive: [\n\t\t\t\t\t\t\t{\n\t\t\t\t\t\t\t  breakpoint: 1026,\n\t\t\t\t\t\t\t  settings: {\n\t\t\t\t\t\t\t\tslidesToShow: 1,\n\t\t\t\t\t\t\t\tslidesToScroll: 1,  \n\t\t\t\t\t\t\t  }\n\t\t\t\t\t\t\t},\n\t\t\t\t\t\t\t{\n\t\t\t\t\t\t\t  breakpoint: 1025,\n\t\t\t\t\t\t\t  settings: {\n\t\t\t\t\t\t\t\tslidesToShow: 1,\n\t\t\t\t\t\t\t\tslidesToScroll: 1\n\t\t\t\t\t\t\t  }\n\t\t\t\t\t\t\t},\n\t\t\t\t\t\t\t{\n\t\t\t\t\t\t\t  breakpoint: 760,\n\t\t\t\t\t\t\t  settings: {\n\t\t\t\t\t\t\t\tslidesToShow: 1,\n\t\t\t\t\t\t\t\tslidesToScroll: 1\n\t\t\t\t\t\t\t  }\n\t\t\t\t\t\t\t}\n\t\t\t\t\t\t],pauseOnDotsHover: true,customPaging: function(slider, i) {\n                   return '<i type=\"button\" style= \"color:#333333;\" class=\"ultsl-record\" data-role=\"none\"><\/i>';\n                },});\n\t\t\t\t\t}\n\t\t\t\t});\n\t\t\t<\/script>\n\t\t\t[\/vc_column][vc_column width=&#8220;1\/2&#8243;][vc_column_text css=&#8220;&#8220;]<\/p>\n<h3>500 \u20ac Startbonus<\/h3>\n<p>500 \u20ac ziehen den Blick sofort auf sich. Erst bleibt man am vermeintlichen Schein h\u00e4ngen, dann ist die Botschaft klar: weniger B\u00fcro, mehr Feierabend und 500\u00a0\u20ac Rabatt auf die Datenanalyse beim Wechsel zu digibase connect.<\/p>\n<p>Ideal zum direkten Weitergeben, zum Auslegen im Innungsgeb\u00e4ude oder auch mal mit einem Augenzwinkern am Scheibenwischer \u2013 \u00fcberall dort, wo Kollegen aufmerksam werden.[\/vc_column_text][\/vc_column][\/vc_row][vc_row][vc_column]<div class=\"ult-spacer spacer-69f461744cf55\" data-id=\"69f461744cf55\" data-height=\"60\" data-height-mobile=\"30\" data-height-tab=\"30\" data-height-tab-portrait=\"30\" data-height-mobile-landscape=\"30\" style=\"clear:both;display:block;\"><\/div>[\/vc_column][\/vc_row]<\/p>\n<\/div>","protected":false},"excerpt":{"rendered":"<p>[vc_row][vc_column width=&#8220;1\/2&#8243;][vc_column_text css=&#8220;&#8220;] digibase connect weiterempfehlen \u2013 mit unseren neuen Visitenkarten [\/vc_column_text][vc_column_text css=&#8220;&#8220;]Mit unseren personalisierten Visitenkarten geht das jetzt ganz einfach. Du gibst die Karte weiter \u2013 und dein Kollege entscheidet selbst, ob er sich bei uns meldet. F\u00fcr deinen Kollegen gibt\u2019s 500 \u20ac Rabatt auf die Datenanalyse (490 \u20ac statt 990 \u20ac). Und wenn [&hellip;]<\/p>\n","protected":false},"author":1,"featured_media":0,"parent":963,"menu_order":0,"comment_status":"closed","ping_status":"closed","template":"page.php","meta":{"footnotes":""},"class_list":["post-2307","page","type-page","status-publish","hentry"],"_links":{"self":[{"href":"https:\/\/www.digibase.com\/de\/wp-json\/wp\/v2\/pages\/2307","targetHints":{"allow":["GET"]}}],"collection":[{"href":"https:\/\/www.digibase.com\/de\/wp-json\/wp\/v2\/pages"}],"about":[{"href":"https:\/\/www.digibase.com\/de\/wp-json\/wp\/v2\/types\/page"}],"author":[{"embeddable":true,"href":"https:\/\/www.digibase.com\/de\/wp-json\/wp\/v2\/users\/1"}],"replies":[{"embeddable":true,"href":"https:\/\/www.digibase.com\/de\/wp-json\/wp\/v2\/comments?post=2307"}],"version-history":[{"count":45,"href":"https:\/\/www.digibase.com\/de\/wp-json\/wp\/v2\/pages\/2307\/revisions"}],"predecessor-version":[{"id":2397,"href":"https:\/\/www.digibase.com\/de\/wp-json\/wp\/v2\/pages\/2307\/revisions\/2397"}],"up":[{"embeddable":true,"href":"https:\/\/www.digibase.com\/de\/wp-json\/wp\/v2\/pages\/963"}],"wp:attachment":[{"href":"https:\/\/www.digibase.com\/de\/wp-json\/wp\/v2\/media?parent=2307"}],"curies":[{"name":"wp","href":"https:\/\/api.w.org\/{rel}","templated":true}]}}