{"id":930,"date":"2024-10-24T16:04:42","date_gmt":"2024-10-24T14:04:42","guid":{"rendered":"https:\/\/www.digibase.com\/?page_id=930"},"modified":"2024-11-28T12:39:10","modified_gmt":"2024-11-28T11:39:10","slug":"kontakt","status":"publish","type":"page","link":"https:\/\/www.digibase.com\/de\/kontakt\/","title":{"rendered":"Kontakt"},"content":{"rendered":"<div class=\"wpb-content-wrapper\"><p>[vc_row full_width=&#8220;stretch_row&#8220; bg_type=&#8220;bg_color&#8220; bg_color_value=&#8220;#1e1e1e&#8220; css=&#8220;.vc_custom_1732793901664{padding-top: 80px !important;background-color: #1e1e1e !important;}&#8220;][vc_column][vc_single_image image=&#8220;36&#8243; img_size=&#8220;medium&#8220; alignment=&#8220;center&#8220; onclick=&#8220;custom_link&#8220; css=&#8220;&#8220; link=&#8220;https:\/\/www.heilmannsoftwareneu.kinsta.cloud&#8220;]<div class=\"ult-spacer spacer-69d0caf1189aa\" data-id=\"69d0caf1189aa\" data-height=\"50\" data-height-mobile=\"30\" data-height-tab=\"30\" data-height-tab-portrait=\"30\" data-height-mobile-landscape=\"30\" style=\"clear:both;display:block;\"><\/div>[vc_custom_heading text=&#8220;M\u00f6chtest du mehr erfahren?&#8220; font_container=&#8220;tag:h2|text_align:center|color:%23ffffff&#8220; use_theme_fonts=&#8220;yes&#8220; css=&#8220;&#8220;]<div class=\"ult-spacer spacer-69d0caf1189d4\" data-id=\"69d0caf1189d4\" data-height=\"50\" data-height-mobile=\"30\" data-height-tab=\"30\" data-height-tab-portrait=\"30\" data-height-mobile-landscape=\"30\" style=\"clear:both;display:block;\"><\/div>[vc_custom_heading text=&#8220;Du interessierst dich f\u00fcr unsere digibase Apps oder m\u00f6chtest mehr \u00fcber uns erfahren? Dann trete jetzt mit unserem Beratungsteam in Kontakt oder vereinbare direkt einen Beratungstermin.&#8220; font_container=&#8220;tag:p|text_align:center|color:%23ffffff&#8220; use_theme_fonts=&#8220;yes&#8220; css=&#8220;&#8220;]<div class=\"ult-spacer spacer-69d0caf1189ed\" data-id=\"69d0caf1189ed\" data-height=\"50\" data-height-mobile=\"30\" data-height-tab=\"30\" data-height-tab-portrait=\"30\" data-height-mobile-landscape=\"30\" style=\"clear:both;display:block;\"><\/div>[vc_raw_html css=&#8220;&#8220;]JTNDZGl2JTIwZGF0YS1mYy1rZXklM0QlMjJmNWVlZTdiNyUyMiUyMHN0eWxlJTNEJTIybWF4LXdpZHRoJTNBNzAwcHglM0JoZWlnaHQlM0ExMDY1LjkxcHglM0JtYXJnaW4lM0EwJTIwYXV0byUyMiUzRSUzQyUyRmRpdiUzRSUzQ3NjcmlwdCUyMHNyYyUzRCUyMmh0dHBzJTNBJTJGJTJGYXBwLmZvcm1jcmFmdHMuY29tJTJGZW1iZWQuanMlMjIlM0UlM0MlMkZzY3JpcHQlM0U=[\/vc_raw_html]<div class=\"ult-spacer spacer-69d0caf118a03\" data-id=\"69d0caf118a03\" data-height=\"120\" data-height-mobile=\"30\" data-height-tab=\"30\" data-height-tab-portrait=\"30\" data-height-mobile-landscape=\"30\" style=\"clear:both;display:block;\"><\/div>[\/vc_column][\/vc_row]<\/p>\n<\/div>","protected":false},"excerpt":{"rendered":"<p>[vc_row full_width=&#8220;stretch_row&#8220; bg_type=&#8220;bg_color&#8220; bg_color_value=&#8220;#1e1e1e&#8220; css=&#8220;.vc_custom_1732793901664{padding-top: 80px !important;background-color: #1e1e1e !important;}&#8220;][vc_column][vc_single_image image=&#8220;36&#8243; img_size=&#8220;medium&#8220; alignment=&#8220;center&#8220; onclick=&#8220;custom_link&#8220; css=&#8220;&#8220; link=&#8220;https:\/\/www.heilmannsoftwareneu.kinsta.cloud&#8220;][vc_custom_heading text=&#8220;M\u00f6chtest du mehr erfahren?&#8220; font_container=&#8220;tag:h2|text_align:center|color:%23ffffff&#8220; use_theme_fonts=&#8220;yes&#8220; css=&#8220;&#8220;][vc_custom_heading text=&#8220;Du interessierst dich f\u00fcr unsere digibase Apps oder m\u00f6chtest mehr \u00fcber uns erfahren? Dann trete jetzt mit unserem Beratungsteam in Kontakt oder vereinbare direkt einen Beratungstermin.&#8220; font_container=&#8220;tag:p|text_align:center|color:%23ffffff&#8220; use_theme_fonts=&#8220;yes&#8220; css=&#8220;&#8220;][vc_raw_html css=&#8220;&#8220;]JTNDZGl2JTIwZGF0YS1mYy1rZXklM0QlMjJmNWVlZTdiNyUyMiUyMHN0eWxlJTNEJTIybWF4LXdpZHRoJTNBNzAwcHglM0JoZWlnaHQlM0ExMDY1LjkxcHglM0JtYXJnaW4lM0EwJTIwYXV0byUyMiUzRSUzQyUyRmRpdiUzRSUzQ3NjcmlwdCUyMHNyYyUzRCUyMmh0dHBzJTNBJTJGJTJGYXBwLmZvcm1jcmFmdHMuY29tJTJGZW1iZWQuanMlMjIlM0UlM0MlMkZzY3JpcHQlM0U=[\/vc_raw_html][\/vc_column][\/vc_row]<\/p>\n","protected":false},"author":1,"featured_media":0,"parent":0,"menu_order":0,"comment_status":"closed","ping_status":"closed","template":"page.php","meta":{"footnotes":""},"class_list":["post-930","page","type-page","status-publish","hentry"],"_links":{"self":[{"href":"https:\/\/www.digibase.com\/de\/wp-json\/wp\/v2\/pages\/930","targetHints":{"allow":["GET"]}}],"collection":[{"href":"https:\/\/www.digibase.com\/de\/wp-json\/wp\/v2\/pages"}],"about":[{"href":"https:\/\/www.digibase.com\/de\/wp-json\/wp\/v2\/types\/page"}],"author":[{"embeddable":true,"href":"https:\/\/www.digibase.com\/de\/wp-json\/wp\/v2\/users\/1"}],"replies":[{"embeddable":true,"href":"https:\/\/www.digibase.com\/de\/wp-json\/wp\/v2\/comments?post=930"}],"version-history":[{"count":6,"href":"https:\/\/www.digibase.com\/de\/wp-json\/wp\/v2\/pages\/930\/revisions"}],"predecessor-version":[{"id":1526,"href":"https:\/\/www.digibase.com\/de\/wp-json\/wp\/v2\/pages\/930\/revisions\/1526"}],"wp:attachment":[{"href":"https:\/\/www.digibase.com\/de\/wp-json\/wp\/v2\/media?parent=930"}],"curies":[{"name":"wp","href":"https:\/\/api.w.org\/{rel}","templated":true}]}}