{"id":946,"date":"2024-10-24T16:35:25","date_gmt":"2024-10-24T14:35:25","guid":{"rendered":"https:\/\/www.digibase.com\/?page_id=946"},"modified":"2024-11-28T12:43:02","modified_gmt":"2024-11-28T11:43:02","slug":"vertrag-digibase-connect","status":"publish","type":"page","link":"https:\/\/www.digibase.com\/de\/vertraege\/vertrag-digibase-connect\/","title":{"rendered":"vertrag-digibase-connect"},"content":{"rendered":"<div class=\"wpb-content-wrapper\"><p>[vc_row css=&#8220;.vc_custom_1732794134490{padding-top: 80px !important;}&#8220;][vc_column width=&#8220;1\/6&#8243;][\/vc_column][vc_column width=&#8220;2\/3&#8243;][vc_custom_heading text=&#8220;Vertrag digibase connect&#8220; font_container=&#8220;tag:h1|text_align:left&#8220; use_theme_fonts=&#8220;yes&#8220; css=&#8220;&#8220;]<div class=\"ult-spacer spacer-69d2d74e3b49e\" data-id=\"69d2d74e3b49e\" data-height=\"50\" data-height-mobile=\"30\" data-height-tab=\"30\" data-height-tab-portrait=\"30\" data-height-mobile-landscape=\"30\" style=\"clear:both;display:block;\"><\/div>[vc_column_text css=&#8220;&#8220;]<\/p>\n<p style=\"text-align: left;\">Zwischen der Heilmann Software Gesellschaft f\u00fcr Informationstechnologie mbH (nachfolgend \u201eHeilmann Software\u201c) und dem Kunden (nachfolgend \u201eAuftraggeber\u201c):<\/p>\n<h3><b><\/b><b>1. Vertragsgegenstand<\/b><\/h3>\n<p><span style=\"font-weight: 400;\">1.1 <\/span><span style=\"font-weight: 400;\">Heilmann Software erm\u00f6glicht dem Auftraggeber, die Anwendungssoftware digibase connect als SaaS-Applikation \u00fcber das Internet in der DSGVO-konformen Cloud von Heilmann Software gegen die in diesem Vertrag genannte Verg\u00fctung zu nutzen.<\/span><\/p>\n<p><span style=\"font-weight: 400;\">1.2 Der Auftraggeber muss sich bei Heilmann Software registrieren und erh\u00e4lt dann von Heilmann Software einen eigenen Zugang (nach Ziffer 2).<\/span><\/p>\n<p><span style=\"font-weight: 400;\">1.3 Der Kunde darf digibase connect mit bis zu 3 gleichzeitig aktiven Benutzern nutzen.<\/span><\/p>\n<p><span style=\"font-weight: 400;\">1.4 Die Mindestlaufzeit betr\u00e4gt 1 Monat ab Beginn der Pflicht zur Zahlung der Pauschale.<\/span><\/p>\n<h3><b>2.<\/b> <b>\u00a0Einsatzvorbereitung, Inbetriebnahme<\/b><\/h3>\n<p><span style=\"font-weight: 400;\">2.1.<\/span><span style=\"font-weight: 400;\"> \u00a0 <\/span><span style=\"font-weight: 400;\">Der Einsatz von digibase connect wird auf Wunsch des Auftraggebers entsprechend den Anforderungen des Auftraggebers von Heilmann Software vorbereitet.<\/span><\/p>\n<p><span style=\"font-weight: 400;\">2.2.<\/span><span style=\"font-weight: 400;\"> \u00a0 <\/span><span style=\"font-weight: 400;\">digibase connect kann \u00fcber jeden g\u00e4ngigen Browser (z.B. Firefox, Safari, Microsoft Edge. Google Chrome) verwendet werden. Eine Installation weiterer Programme beim Auftraggeber ist nicht erforderlich.<\/span><\/p>\n<p><span style=\"font-weight: 400;\">2.3.<\/span><span style=\"font-weight: 400;\"> \u00a0 <\/span><span style=\"font-weight: 400;\">Der Auftraggeber kann die Applikation auf Laptops, Desktops und\/oder mobilen Endger\u00e4ten nutzen. Er kann die Applikation auf verschiedenen Ger\u00e4ten installieren, darf sie aber gleichzeitig nur im Rahmen des mit diesem Vertrag erworbenen Nutzungsrechts nach Ziffer 4 nutzen. Der Kunde erh\u00e4lt den Zugang nach Beauftragung und Abschluss der Auftragsvereinbarung zum Datenschutz <\/span><span style=\"font-weight: 400;\">per E-Mail.<\/span><\/p>\n<p><span style=\"font-weight: 400;\">2.4.<\/span><span style=\"font-weight: 400;\"> \u00a0 <\/span><span style=\"font-weight: 400;\">Heilmann Software wird Sonderw\u00fcnsche des Kunden gegen gesonderte Verg\u00fctung realisieren, soweit das innerhalb des Konzepts der Dienstleistungen (Einsatz von Standardapplikationen) problemlos m\u00f6glich ist.<\/span><\/p>\n<p><span style=\"font-weight: 400;\">2.5.<\/span><span style=\"font-weight: 400;\"> \u00a0 <\/span><span style=\"font-weight: 400;\">Die Alt-Daten sollen m\u00f6glichst programmgest\u00fctzt \u00fcbernommen werden. Soweit Umsetzungsprogramme zur Verf\u00fcgung stehen, ist die \u00dcbernahme durch die Grundverg\u00fctung abgegolten.<\/span><\/p>\n<p><span style=\"font-weight: 400;\">2.6.<\/span><span style=\"font-weight: 400;\"> \u00a0 <\/span><span style=\"font-weight: 400;\">Der Auftraggeber wird angemessene Sicherheitsstandards f\u00fcr die Nutzung der Applikationen durch die Mitarbeiter von dem Auftraggeber einf\u00fchren. Der Auftraggeber tr\u00e4gt daf\u00fcr Sorge, dass ein unberechtigter Zugriff auf die Applikationen sowie eine unberechtigte Nutzung der Applikationen durch Mitarbeiter von dem Auftraggeber unterbleiben.<\/span><\/p>\n<p><span style=\"font-weight: 400;\">2.7.<\/span><span style=\"font-weight: 400;\"> \u00a0 <\/span><span style=\"font-weight: 400;\">Der Auftraggeber steht daf\u00fcr ein, dass der Auftraggeber und die Mitarbeiter des Auftraggebers bei der Nutzung der Applikationen keine Malware einf\u00fchren, speichern oder verteilen.<\/span><\/p>\n<p><span style=\"font-weight: 400;\">2.8.<\/span><span style=\"font-weight: 400;\"> \u00a0 <\/span><span style=\"font-weight: 400;\">Der Auftraggeber steht daf\u00fcr ein, dass der Auftraggeber und die Mitarbeiter des Auftraggebers bei der Nutzung der Applikationen keine unangemessenen Inhalte einf\u00fchren, speichern oder verteilen. Unangemessene Inhalte sind z.B. ungesetzliche, sch\u00e4dliche, Ehrverletzende oder anderweitig anst\u00f6\u00dfige Daten, diskriminierende Daten, sowie unrechtm\u00e4\u00dfige Inhalte. Bei Verletzung der vorstehenden Regelung kann Heilmann Software den Zugriff des Auftraggebers auf die entsprechenden Inhalte sperren und\/oder solche Inhalte entfernen und l\u00f6schen und\/oder den Vertrag aus wichtigem Grund k\u00fcndigen. Der Auftraggeber stellt Heilmann Software von allen Anspr\u00fcchen Dritter wegen Verletzung der vorstehenden Regelung frei, es sei denn, der Auftraggeber hat die Verletzung nicht zu vertreten.<\/span><\/p>\n<h3><b>3.<\/b> <b>Laufende Nutzung<\/b><\/h3>\n<p><span style=\"font-weight: 400;\">3.1.<\/span><span style=\"font-weight: 400;\"> \u00a0 <\/span><span style=\"font-weight: 400;\">Betriebszeiten<\/span><\/p>\n<p><span style=\"font-weight: 400;\">3.1.1.<\/span> <span style=\"font-weight: 400;\">\u00a0Heilmann Software ist auf Wunsch des Auftraggebers im Rahmen der betrieblichen Leistungsf\u00e4higkeit von Heilmann Software bereit, Leistungen \u00fcber die in diesem Abschnitt beschriebenen hinaus zu erbringen. Einzelheiten werden gesondert vereinbart.<\/span><\/p>\n<p><span style=\"font-weight: 400;\">3.1.2.<\/span> <span style=\"font-weight: 400;\">Die von den Benutzern eingegebenen Daten werden auf formale Richtigkeit und beschr\u00e4nkt auf Plausibilit\u00e4t gepr\u00fcft. Der Auftraggeber ist f\u00fcr die sachliche Richtigkeit der Eingabe und f\u00fcr die \u00dcberpr\u00fcfung der Ergebnisse verantwortlich.<\/span><\/p>\n<p><span style=\"font-weight: 400;\">3.1.3.<\/span> <span style=\"font-weight: 400;\">Betriebszeiten k\u00f6nnen eingeschr\u00e4nkt werden, soweit betriebsnotwendige Arbeiten, insb. zur vorbeugenden Wartung der Hardware, dies erfordern. Geplante Nichtverf\u00fcgbarkeit ist 5 Arbeitstage vorher anzuk\u00fcndigen. Planbare Wartungsma\u00dfnahmen, Umbauten, Erweiterungen, die Inbetriebnahme neuer Versionen, \u00c4nderungen usw. werden von Heilmann Software nach M\u00f6glichkeit nachts, samstags, sonntags oder feiertags durchgef\u00fchrt.\u00a0<\/span><\/p>\n<p><span style=\"font-weight: 400;\">3.2 Verf\u00fcgbarkeit<\/span><\/p>\n<p><span style=\"font-weight: 400;\">Heilmann Software wird wirtschaftlich angemessene Anstrengungen unternehmen, um die Applikationen mit einer Verf\u00fcgbarkeit von <\/span><span style=\"font-weight: 400;\">98 % im Monatsdurchschnitt zu betreiben. <\/span><span style=\"font-weight: 400;\">Ausgenommen hiervon sind die Zeiten der geplanten Nichtverf\u00fcgbarkeit.<\/span><\/p>\n<p><span style=\"font-weight: 400;\">Wird die Verf\u00fcgbarkeit der Applikationen unterschritten, verpflichten sich beide Vertragspartner, sowohl in ihrem jeweiligen Verantwortungsbereich unverz\u00fcglich mit der Analyse und Behebung dieses Defizits zu beginnen als auch unmittelbar gemeinsam die Probleme gemeinsam zu l\u00f6sen.\u00a0<\/span><\/p>\n<p><span style=\"font-weight: 400;\">Der Auftraggeber ist berechtigt, die monatliche Pauschale in dem Ma\u00dfe zu mindern, wie die Applikationen innerhalb der vereinbarten Bereitstellungszeit f\u00fcr den Auftraggeber nicht verf\u00fcgbar sind, vorausgesetzt, dass dieser Anteil <\/span><span style=\"font-weight: 400;\">5 %<\/span><span style=\"font-weight: 400;\"> \u00fcbersteigt. Einschr\u00e4nkungen w\u00e4hrend der geplanten Nichtverf\u00fcgbarkeit werden nicht mitgerechnet.<\/span><\/p>\n<h3><b>4.<\/b> <b>\u00a0Verg\u00fctung<\/b><\/h3>\n<p><span style=\"font-weight: 400;\">4.1.<\/span><span style=\"font-weight: 400;\"> \u00a0 <\/span><span style=\"font-weight: 400;\">Einsatzvorbereitung, Inbetriebnahme<\/span><\/p>\n<p><span style=\"font-weight: 400;\">Die Weiterentwicklung der Applikationen und Supportleistungen ist in der monatlichen Pauschale f\u00fcr die Bereitstellung von digibase-connect enthalten.<\/span><\/p>\n<p><span style=\"font-weight: 400;\">\u00a04.1.2.<\/span> <span style=\"font-weight: 400;\">Verg\u00fctung f\u00fcr die laufende Nutzung<\/span><\/p>\n<p><span style=\"font-weight: 400;\">Der Kunde zahlt f\u00fcr die Nutzung von digibase-connect einen Einmalbetrag sowie monatlich einen Betrag als Abo-Geb\u00fchr gem\u00e4\u00df Bestellformular.<\/span><\/p>\n<p><span style=\"font-weight: 400;\">Die monatliche Pauschale f\u00fcr die Bereitstellung von digibase-connect (nach Ziffer 1) zur laufenden Nutzung nach Ziffer 4 wird nach der Zahl der maximal gleichzeitig aktiven Benutzer berechnet. Es gelten die Werte gem\u00e4\u00df Bestellformular. <\/span><span style=\"font-weight: 400;\">Die Pauschale ist ab Beginn der Inbetriebnahme zu zahlen.\u00a0<\/span><\/p>\n<p><span style=\"font-weight: 400;\">Heilmann Software kann die monatliche Pauschale einmal j\u00e4hrlich mit einer Ank\u00fcndigungsfrist von drei (3) Monaten erh\u00f6hen<\/span><\/p>\n<p><span style=\"font-weight: 400;\">4.2 Verg\u00fctung f\u00fcr zus\u00e4tzliche Leistungen<\/span><\/p>\n<p><span style=\"font-weight: 400;\">Soweit Heilmann Software auf Verlangen des Auftraggebers zus\u00e4tzliche Leistungen erbringt, werden diese nach Aufwand verg\u00fctet, falls nicht ein Festpreis vereinbart wird.<\/span><\/p>\n<h3><b>5. Vertragsdauer und K\u00fcndigung<\/b><\/h3>\n<p><span style=\"font-weight: 400;\">5.1 <\/span> <span style=\"font-weight: 400;\">Der Vertrag l\u00e4uft auf unbestimmte Zeit. Jeder Vertragspartner kann ihn mit einer K\u00fcndigungsfrist von einem Monat zum Monatsende k\u00fcndigen.<\/span><\/p>\n<p><span style=\"font-weight: 400;\">5.2\u00a0 <\/span> <span style=\"font-weight: 400;\">Auf Wunsch des Kunden stellt Heilmann Software dem Kunden dessen Daten vor Ablauf des Vertrags\u00a0 auf maschinenlesbarem Datentr\u00e4ger zur Verf\u00fcgung. Einzelheiten, insb. zur Verg\u00fctung, werden rechtzeitig vereinbart.<\/span><\/p>\n<h3><b>6. Schlussbestimmungen <\/b><\/h3>\n<p><span style=\"font-weight: 400;\">6.1<\/span> <span style=\"font-weight: 400;\">Heilmann Software setzt nur Mitarbeiter ein, die Heilmann Software gem. \u00a7 53 BDSG auf den Datenschutz verpflichtet und vorher entsprechend unterrichtet hat.<\/span><\/p>\n<p><span style=\"font-weight: 400;\">6.2 <\/span> <span style=\"font-weight: 400;\">Heilmann Software meldet dem Kunden unverz\u00fcglich, wenn innerhalb seiner Verarbeitung personenbezogener Daten der Verdacht besteht, dass irgendjemand gegen die EU-Datenschutz-GVO oder das BDSG versto\u00dfen hat.\u00a0<\/span><\/p>\n<p><span style=\"font-weight: 400;\">6.3 <\/span> <span style=\"font-weight: 400;\">Die von Heilmann Software gefertigten, beschafften oder Heilmann Software vom Kunden \u00fcberlassenen Unterlagen sind vertraulich. Sie sind dem Kunden auf Verlangen, sp\u00e4testens jedoch am Tag nach Ablauf der Verj\u00e4hrungsfrist f\u00fcr die Haftung wegen M\u00e4ngeln (Gew\u00e4hrleistungsfrist), auszuh\u00e4ndigen. Heilmann Software wird diese Unterlagen bei einer K\u00fcndigung des Vertrags auf Verlangen des Kunden unverz\u00fcglich herausgeben. Heilmann Software darf Arbeitsergebnisse vernichten, die nicht mehr ben\u00f6tigt werden.<\/span><\/p>\n<p><span style=\"font-weight: 400;\">6.4 <\/span> <span style=\"font-weight: 400;\">Heilmann Software wird die erhaltenen Unterlagen und die Arbeitsergebnisse nur denjenigen Mitarbeitern zug\u00e4nglich machen, die diese f\u00fcr die Durchf\u00fchrung ben\u00f6tigen.\u00a0<\/span><\/p>\n<p><span style=\"font-weight: 400;\">6.5 <\/span> <span style=\"font-weight: 400;\">Heilmann Software verpflichtet sich, daf\u00fcr zu sorgen, dass die ihr \u00fcbergebenen Unterlagen und die Arbeitsergebnisse unter Verschluss aufbewahrt werden.\u00a0<\/span><\/p>\n<p><span style=\"font-weight: 400;\">6.6<\/span> <span style=\"font-weight: 400;\">Heilmann Software steht daf\u00fcr ein, dass die Programme \u2013 auch in k\u00fcnftigen Versionen \u2013 frei von Rechten Dritter sind, die deren vertragsgem\u00e4\u00dfe Nutzung einschr\u00e4nken. Heilmann Software stellt den Kunden von Schadensersatzanspr\u00fcchen Dritter wegen Schutzrechtsverletzungen frei. Das gilt nicht, soweit Heilmann Software die Schutzrechtsverletzung nicht zu vertreten hat, insb. nicht bzgl. Open Source Software sowie bei Programmen von Vorlieferanten.<\/span><\/p>\n<p><span style=\"font-weight: 400;\">6.7<\/span> <span style=\"font-weight: 400;\">Macht ein Dritter gegen\u00fcber dem Kunden geltend, dass die Programme seine Rechte verletzen w\u00fcrden, benachrichtigt der Kunde unverz\u00fcglich schriftlich Heilmann Software. Er \u00fcberl\u00e4sst es Heilmann Software soweit wie zul\u00e4ssig, die geltend gemachten Anspr\u00fcche auf deren Kosten abzuwehren.<\/span><span style=\"font-weight: 400;\">\u00a0<\/span><\/p>\n<p><span style=\"font-weight: 400;\">6.8<\/span> <span style=\"font-weight: 400;\">Werden durch die Programme Rechte Dritter verletzt und wird deshalb dem Kunden die Nutzung der Programme ganz oder teilweise (gerichtlich) untersagt, wird Heilmann Software nach eigener Wahl und auf eigene Kosten\u00a0<\/span><\/p>\n<p><span style=\"font-weight: 400;\">\u2013 dem Kunden das Recht zur Nutzung der Programme verschaffen oder<\/span><\/p>\n<p><span style=\"font-weight: 400;\">\u2013 die Programme schutzrechtsfrei gestalten oder<\/span><\/p>\n<p><span style=\"font-weight: 400;\">\u2013 die Programme zum Rechnungspreis (abz\u00fcglich einer angemessenen Nutzungsentsch\u00e4digung) zur\u00fccknehmen.<\/span><\/p>\n<p><span style=\"font-weight: 400;\">\u00a0<\/span><\/p>\n<p><span style=\"font-weight: 400;\">6.9<\/span> <span style=\"font-weight: 400;\">Heilmann Software ist berechtigt, dem Kunden entsprechend diesen Regelungen die Nutzung der Programme zu untersagen, wenn Heilmann Software gegen\u00fcber schutzrechtliche Anspr\u00fcche geltend gemacht werden.\u00a0<\/span><\/p>\n<p><span style=\"font-weight: 400;\">6.10 <\/span> <span style=\"font-weight: 400;\">Schadensersatzanspr\u00fcche \u2013 gleich aus welchem Rechtsgrund \u2013 gegen Heilmann Software (einschl. deren Erf\u00fcllungsgehilfen), die leichte Fahrl\u00e4ssigkeit voraussetzen, bestehen nur, wenn eine wesentliche Vertragspflicht, deren Verletzung den Vertragszweck gef\u00e4hrden w\u00fcrden (Kardinalpflicht) verletzt worden ist. Schadensersatzanspr\u00fcche sind in diesem Fall auf die monatliche Pauschale f\u00fcr den Monat, in dem der Schadensfall eingetreten ist, begrenzt; die Haftung f\u00fcr mittelbare Sch\u00e4den und entgangenen Gewinn ist ausgeschlossen. Der Kunde kann bei Abschluss des Vertrags eine weitergehende Haftung gegen Zahlung eines Risikozuschlags verlangen.\u00a0<\/span><\/p>\n<p><span style=\"font-weight: 400;\">6.11 Jeder Vertragspartner kann diesen Vertrag jederzeit aus wichtigem Grund k\u00fcndigen.<\/span><\/p>\n<p><span style=\"font-weight: 400;\">6.12 Es gilt deutsches Recht. Das f\u00fcr Auslandskunden ins deutsche Recht \u00fcbernommene UN-Kaufrecht wird ausgeschlossen.<\/span><b>\u00a0<\/b><\/p>\n<p><span style=\"font-weight: 400;\">6.13 Erg\u00e4nzend gelten die \u201eVertragsbedingungen f\u00fcr die \u00dcberlassung und\/oder Nutzung von Anwendungsprogrammen\u201c von Heilmann Software. Sie finden diese im Internet unter https:\/\/www.heilmannsoftware.com\/de\/datenschutz-datensicherheit\/agb\/<\/span>[\/vc_column_text]<div class=\"ult-spacer spacer-69d2d74e3b4c6\" data-id=\"69d2d74e3b4c6\" data-height=\"50\" data-height-mobile=\"30\" data-height-tab=\"30\" data-height-tab-portrait=\"30\" data-height-mobile-landscape=\"30\" style=\"clear:both;display:block;\"><\/div>[\/vc_column][vc_column width=&#8220;1\/6&#8243;][\/vc_column][\/vc_row]<\/p>\n<\/div>","protected":false},"excerpt":{"rendered":"<p>[vc_row css=&#8220;.vc_custom_1732794134490{padding-top: 80px !important;}&#8220;][vc_column width=&#8220;1\/6&#8243;][\/vc_column][vc_column width=&#8220;2\/3&#8243;][vc_custom_heading text=&#8220;Vertrag digibase connect&#8220; font_container=&#8220;tag:h1|text_align:left&#8220; use_theme_fonts=&#8220;yes&#8220; css=&#8220;&#8220;][vc_column_text css=&#8220;&#8220;] Zwischen der Heilmann Software Gesellschaft f\u00fcr Informationstechnologie mbH (nachfolgend \u201eHeilmann Software\u201c) und dem Kunden (nachfolgend \u201eAuftraggeber\u201c): 1. Vertragsgegenstand 1.1 Heilmann Software erm\u00f6glicht dem Auftraggeber, die Anwendungssoftware digibase connect als SaaS-Applikation \u00fcber das Internet in der DSGVO-konformen Cloud von Heilmann Software gegen die [&hellip;]<\/p>\n","protected":false},"author":1,"featured_media":0,"parent":943,"menu_order":0,"comment_status":"closed","ping_status":"closed","template":"page.php","meta":{"footnotes":""},"class_list":["post-946","page","type-page","status-publish","hentry"],"_links":{"self":[{"href":"https:\/\/www.digibase.com\/de\/wp-json\/wp\/v2\/pages\/946","targetHints":{"allow":["GET"]}}],"collection":[{"href":"https:\/\/www.digibase.com\/de\/wp-json\/wp\/v2\/pages"}],"about":[{"href":"https:\/\/www.digibase.com\/de\/wp-json\/wp\/v2\/types\/page"}],"author":[{"embeddable":true,"href":"https:\/\/www.digibase.com\/de\/wp-json\/wp\/v2\/users\/1"}],"replies":[{"embeddable":true,"href":"https:\/\/www.digibase.com\/de\/wp-json\/wp\/v2\/comments?post=946"}],"version-history":[{"count":5,"href":"https:\/\/www.digibase.com\/de\/wp-json\/wp\/v2\/pages\/946\/revisions"}],"predecessor-version":[{"id":1540,"href":"https:\/\/www.digibase.com\/de\/wp-json\/wp\/v2\/pages\/946\/revisions\/1540"}],"up":[{"embeddable":true,"href":"https:\/\/www.digibase.com\/de\/wp-json\/wp\/v2\/pages\/943"}],"wp:attachment":[{"href":"https:\/\/www.digibase.com\/de\/wp-json\/wp\/v2\/media?parent=946"}],"curies":[{"name":"wp","href":"https:\/\/api.w.org\/{rel}","templated":true}]}}